{"id":32719,"date":"2024-02-23T09:50:03","date_gmt":"2024-02-23T09:50:03","guid":{"rendered":"https:\/\/www.trypportoexpo.com\/?page_id=32719"},"modified":"2024-02-23T09:50:03","modified_gmt":"2024-02-23T09:50:03","slug":"politica-ambiental","status":"publish","type":"page","link":"https:\/\/tryp.stg3.shareit.pt\/pt-pt\/politica-ambiental\/","title":{"rendered":"Pol\u00edtica Ambiental"},"content":{"rendered":"<div id=\"pl-32719\"  class=\"panel-layout\" ><div id=\"pg-32719-0\"  class=\"panel-grid panel-no-style\" ><div id=\"pgc-32719-0-0\"  class=\"panel-grid-cell\" ><div id=\"panel-32719-0-0-0\" class=\"so-panel widget widget_empty-space panel-first-child panel-last-child\" data-index=\"0\" ><div class=\"mobile-extra-space panel-widget-style panel-widget-style-for-32719-0-0-0\" ><div class=\"thim-widget-empty-space thim-widget-empty-space-base\"><div class=\"empty_space\" style=\"height:60px\"><\/div><\/div><\/div><\/div><\/div><\/div><div id=\"pg-32719-1\"  class=\"panel-grid panel-no-style\" ><div id=\"pgc-32719-1-0\"  class=\"panel-grid-cell\" ><div id=\"panel-32719-1-0-0\" class=\"so-panel widget widget_icon-box panel-first-child\" data-index=\"1\" ><div class=\"si-mb-center panel-widget-style panel-widget-style-for-32719-1-0-0\" ><div class=\"thim-widget-icon-box thim-widget-icon-box-base\"><div class=\"inner-box \"><div  class=\"wrapper-box-icon text-left  \" ><div class=\"smicon-box iconbox-top\" data-fancybox-group=\"\"><div class=\"content-inner\" ><div class=\"si-background\"><\/div><div class=\"sc-heading article_heading\"><h3 class = \"heading__primary\" >POL\u00cdTICA AMBIENTAL<\/h3><\/div><a class=\"smicon-read sc-btn si-btn-todo\" data-fancybox-group=\"\">Ver Mais<\/a><div class=\"desc-icon-box\"><div  class=\"modal\"><span>O Tryp Porto Expo est\u00e1 plenamente consciente da import\u00e2ncia de uma gest\u00e3o respons\u00e1vel e sustent\u00e1vel no desenvolvimento da atividade hoteleira. Inspirados com neste conceito assumimos um compromisso que temos vindo a solidificar com diretrizes fundamentais para o sucesso. S\u00e3o com estas linhas de orienta\u00e7\u00e3o que pretendemos contribuir com boas pr\u00e1ticas ambientais, de modo \u00e0 minimiza\u00e7\u00e3o dos respetivos impactos ao n\u00edvel da polui\u00e7\u00e3o, garantindo uma preserva\u00e7\u00e3o dos recursos naturais de forma a valorizar um turismo sustent\u00e1vel. Para tal o Tryp Porto Expo estabelece a presente pol\u00edtica nos seguintes des\u00edgnios:<\/span><\/div><\/div><\/div><\/div><!--end smicon-box--><\/div><\/div><\/div><\/div><\/div><div id=\"panel-32719-1-0-1\" class=\"so-panel widget widget_empty-space panel-last-child\" data-index=\"2\" ><div class=\"mobile-extra-space panel-widget-style panel-widget-style-for-32719-1-0-1\" ><div class=\"thim-widget-empty-space thim-widget-empty-space-base\"><div class=\"empty_space\" style=\"height:60px\"><\/div><\/div><\/div><\/div><\/div><\/div><div id=\"pg-32719-2\"  class=\"panel-grid panel-no-style\" ><div id=\"pgc-32719-2-0\"  class=\"panel-grid-cell\" ><div id=\"panel-32719-2-0-0\" class=\"so-panel widget widget_icon-box panel-first-child\" data-index=\"3\" ><div class=\"si-mb-center panel-widget-style panel-widget-style-for-32719-2-0-0\" ><div class=\"thim-widget-icon-box thim-widget-icon-box-base\"><div class=\"inner-box \"><div  class=\"wrapper-box-icon text-left  \" ><div class=\"smicon-box iconbox-top\" data-fancybox-group=\"\"><div class=\"content-inner\" ><div class=\"si-background\"><\/div><div class=\"sc-heading article_heading\"><h3 class = \"heading__primary\" >_________________<\/h3><\/div><a class=\"smicon-read sc-btn si-btn-todo\" data-fancybox-group=\"\">Ver Mais<\/a><\/div><\/div><!--end smicon-box--><\/div><\/div><\/div><\/div><\/div><div id=\"panel-32719-2-0-1\" class=\"so-panel widget widget_icon-box\" data-index=\"4\" ><div class=\"si-mm-center panel-widget-style panel-widget-style-for-32719-2-0-1\" ><div class=\"thim-widget-icon-box thim-widget-icon-box-base\"><div class=\"inner-box \"><div  class=\"wrapper-box-icon has_custom_image text-center  \" ><div class=\"smicon-box iconbox-top\" data-fancybox-group=\"\"><div class=\"boxes-icon\" ><span class=\"1 inner-icon\"><span class=\"icon icon-images\"><img src=\"https:\/\/tryp.stg3.shareit.pt\/wp-content\/uploads\/2024\/02\/Sustainable-1.png\" alt=\"Sustainable 1\" title=\"Sustainable 1\" ><\/span><\/span><\/div><div class=\"content-inner\" ><div class=\"desc-icon-box\"><div  class=\"modal\"><span>Cumprir os requisitos legais e ambientais aplic\u00e1veis \u00e0 sua atividade, avaliando regularmente os impactos da mesma<br \/><br \/>Promover a\u00e7\u00f5es de sensibiliza\u00e7\u00e3o e forma\u00e7\u00e3o ambiental junto dos colaboradores de modo a envolve-los e capacita-los para as boas pr\u00e1ticas ambientais<br \/><br \/>Cooperar e promover a comunica\u00e7\u00e3o com entidades governamentais, externas e associa\u00e7\u00f5es<\/span><\/div><\/div><\/div><\/div><!--end smicon-box--><\/div><\/div><\/div><\/div><\/div><div id=\"panel-32719-2-0-2\" class=\"so-panel widget widget_empty-space panel-last-child\" data-index=\"5\" ><div class=\"mobile-extra-space panel-widget-style panel-widget-style-for-32719-2-0-2\" ><div class=\"thim-widget-empty-space thim-widget-empty-space-base\"><div class=\"empty_space\" style=\"height:60px\"><\/div><\/div><\/div><\/div><\/div><div id=\"pgc-32719-2-1\"  class=\"panel-grid-cell\" ><div id=\"panel-32719-2-1-0\" class=\"so-panel widget widget_icon-box panel-first-child\" data-index=\"6\" ><div class=\"si-mb-center panel-widget-style panel-widget-style-for-32719-2-1-0\" ><div class=\"thim-widget-icon-box thim-widget-icon-box-base\"><div class=\"inner-box \"><div  class=\"wrapper-box-icon text-left  \" ><div class=\"smicon-box iconbox-top\" data-fancybox-group=\"\"><div class=\"content-inner\" ><div class=\"si-background\"><\/div><div class=\"sc-heading article_heading\"><h3 class = \"heading__primary\" >_________________<\/h3><\/div><a class=\"smicon-read sc-btn si-btn-todo\" data-fancybox-group=\"\">Ver Mais<\/a><\/div><\/div><!--end smicon-box--><\/div><\/div><\/div><\/div><\/div><div id=\"panel-32719-2-1-1\" class=\"so-panel widget widget_icon-box\" data-index=\"7\" ><div class=\"si-mm-center panel-widget-style panel-widget-style-for-32719-2-1-1\" ><div class=\"thim-widget-icon-box thim-widget-icon-box-base\"><div class=\"inner-box \"><div  class=\"wrapper-box-icon has_custom_image text-center  \" ><div class=\"smicon-box iconbox-top\" data-fancybox-group=\"\"><div class=\"boxes-icon\" ><span class=\"1 inner-icon\"><span class=\"icon icon-images\"><img src=\"https:\/\/tryp.stg3.shareit.pt\/wp-content\/uploads\/2024\/02\/Sustainable-2.png\" alt=\"Sustainable 2\" title=\"Sustainable 2\" ><\/span><\/span><\/div><div class=\"content-inner\" ><div class=\"desc-icon-box\"><div  class=\"modal\"><span>Fomentar o envolvimento dos fornecedores nas quest\u00f5es de boas pr\u00e1ticas ambientais com perspetiva a melhoria do desempenho nesta \u00e1rea e de toda a opera\u00e7\u00e3o envolvida<br \/><br \/>Reduzir e controlar os consumos energ\u00e9ticos e de mat\u00e9rias-primas<br \/><br \/>Assumir uma atitude de melhoria cont\u00ednua na preven\u00e7\u00e3o \u00e0 polui\u00e7\u00e3o<br \/><br \/>Consolidar a conquista de clientes que estejam dispon\u00edveis para usufruir dos servi\u00e7os que o empreendimento oferece, com elevado n\u00edvel de qualidade<\/span><\/div><\/div><\/div><\/div><!--end smicon-box--><\/div><\/div><\/div><\/div><\/div><div id=\"panel-32719-2-1-2\" class=\"so-panel widget widget_empty-space panel-last-child\" data-index=\"8\" ><div class=\"mobile-extra-space panel-widget-style panel-widget-style-for-32719-2-1-2\" ><div class=\"thim-widget-empty-space thim-widget-empty-space-base\"><div class=\"empty_space\" style=\"height:60px\"><\/div><\/div><\/div><\/div><\/div><\/div><div id=\"pg-32719-3\"  class=\"panel-grid panel-no-style\" ><div id=\"pgc-32719-3-0\"  class=\"panel-grid-cell\" ><div id=\"panel-32719-3-0-0\" class=\"so-panel widget widget_icon-box panel-first-child\" data-index=\"9\" ><div class=\"si-mb-center panel-widget-style panel-widget-style-for-32719-3-0-0\" ><div class=\"thim-widget-icon-box thim-widget-icon-box-base\"><div class=\"inner-box \"><div  class=\"wrapper-box-icon text-left  \" ><div class=\"smicon-box iconbox-top\" data-fancybox-group=\"\"><div class=\"content-inner\" ><div class=\"desc-icon-box\"><div  class=\"modal\"><span>Tendo em conta estes princ\u00edpios, bem como a disponibiliza\u00e7\u00e3o dos recursos necess\u00e1rios e adequados, incluindo uma aposta em recursos humanos especializados, com forma\u00e7\u00e3o peri\u00f3dica e em equipamentos tecnologicamente avan\u00e7ados, o Tryp Porto Expo procura sempre a plena satisfa\u00e7\u00e3o das necessidades e expectativas dos clientes.<\/span><\/div><\/div><\/div><\/div><!--end smicon-box--><\/div><\/div><\/div><\/div><\/div><div id=\"panel-32719-3-0-1\" class=\"so-panel widget widget_empty-space panel-last-child\" data-index=\"10\" ><div class=\"mobile-extra-space panel-widget-style panel-widget-style-for-32719-3-0-1\" ><div class=\"thim-widget-empty-space thim-widget-empty-space-base\"><div class=\"empty_space\" style=\"height:60px\"><\/div><\/div><\/div><\/div><\/div><\/div><\/div>","protected":false},"excerpt":{"rendered":"<p>POL\u00cdTICA AMBIENTALVer MaisO Tryp Porto Expo est\u00e1 plenamente consciente da import\u00e2ncia de uma gest\u00e3o respons\u00e1vel e sustent\u00e1vel no desenvolvimento da <\/p>\n","protected":false},"author":26,"featured_media":0,"parent":0,"menu_order":2,"comment_status":"closed","ping_status":"closed","template":"","meta":{"inline_featured_image":false},"acf":[],"publishpress_future_action":{"enabled":false,"date":"2026-04-15 05:34:52","action":"draft","terms":[],"taxonomy":"translation_priority"},"_links":{"self":[{"href":"https:\/\/tryp.stg3.shareit.pt\/pt-pt\/wp-json\/wp\/v2\/pages\/32719"}],"collection":[{"href":"https:\/\/tryp.stg3.shareit.pt\/pt-pt\/wp-json\/wp\/v2\/pages"}],"about":[{"href":"https:\/\/tryp.stg3.shareit.pt\/pt-pt\/wp-json\/wp\/v2\/types\/page"}],"author":[{"embeddable":true,"href":"https:\/\/tryp.stg3.shareit.pt\/pt-pt\/wp-json\/wp\/v2\/users\/26"}],"replies":[{"embeddable":true,"href":"https:\/\/tryp.stg3.shareit.pt\/pt-pt\/wp-json\/wp\/v2\/comments?post=32719"}],"version-history":[{"count":8,"href":"https:\/\/tryp.stg3.shareit.pt\/pt-pt\/wp-json\/wp\/v2\/pages\/32719\/revisions"}],"predecessor-version":[{"id":32762,"href":"https:\/\/tryp.stg3.shareit.pt\/pt-pt\/wp-json\/wp\/v2\/pages\/32719\/revisions\/32762"}],"wp:attachment":[{"href":"https:\/\/tryp.stg3.shareit.pt\/pt-pt\/wp-json\/wp\/v2\/media?parent=32719"}],"curies":[{"name":"wp","href":"https:\/\/api.w.org\/{rel}","templated":true}]}}