{"id":21407,"date":"2022-06-03T14:15:30","date_gmt":"2022-06-03T13:15:30","guid":{"rendered":"https:\/\/www.trypportoexpo.com\/?page_id=21407"},"modified":"2022-06-03T14:15:31","modified_gmt":"2022-06-03T13:15:31","slug":"quartos-suites","status":"publish","type":"page","link":"https:\/\/tryp.stg3.shareit.pt\/pt-pt\/quartos-suites\/","title":{"rendered":"Quartos &amp; Suites"},"content":{"rendered":"<div id=\"pl-21407\"  class=\"panel-layout\" ><div id=\"pg-21407-0\"  class=\"panel-grid panel-no-style\" ><div id=\"pgc-21407-0-0\"  class=\"panel-grid-cell\" ><div id=\"panel-21407-0-0-0\" class=\"so-panel widget widget_empty-space panel-first-child\" data-index=\"0\" ><div class=\"thim-widget-empty-space thim-widget-empty-space-base\"><div class=\"empty_space\" style=\"height:30px\"><\/div><\/div><\/div><div id=\"panel-21407-0-0-1\" class=\"so-panel widget widget_rooms-widget panel-last-child\" data-index=\"1\" ><div\n\t\t\t\n\t\t\tclass=\"so-widget-rooms-widget so-widget-rooms-widget-default-d75171398898-21407\"\n\t\t\t\n\t\t>\r\n<h2 class=\"heading__primary\">\r\n    Tipos de quarto<\/h2>\r\n<p class=\"description-rooms\">\r\n    O TRYP by Wyndham Porto Expo Hotel disp\u00f5e de 120 quartos espa\u00e7osos e repletos de luz natural, que re\u00fanem todas as comodidades e conforto, para lhe proporcionar uma agrad\u00e1vel estadia. Todos os quartos est\u00e3o equipados com Wi-Fi de alta velocidade, TV LCD, telefone, cofre, minibar, zona de trabalho, casa de banho completa e amenities gratuitos. Viaje em neg\u00f3cios ou em lazer, em casal ou em fam\u00edlia, o TRYP Porto Expo disp\u00f5e de v\u00e1rios tipos de quarto capazes de responder \u00e0s suas necessidades, podendo escolher entre: quarto deluxe, quarto vista piscina, quarto premium, familiar ou suite. \r\n<\/p>\r\n\r\n<div class=\"rooms-list\">\r\n    <div class=\"room\"><div alt=\"QUARTO DELUXE\" class=\"room__image\"><img src=\"https:\/\/tryp.stg3.shareit.pt\/wp-content\/uploads\/2022\/06\/19-Expo-Quarto-Standard-Twin-319.jpg\"><\/div><div class=\"room__descriptions\"><div class=\"room__top\"><h3>QUARTO DELUXE<\/h3><p class=\"room__description\">O quarto deluxe tem 23m2, disp\u00f5e de luz natural, duas camas individuais ou uma cama de casal queen-size, casa de banho com duche ou banheira, secador de cabelo, Wi-Fi de alta velocidade, TV LCD, zona de trabalho com secret\u00e1ria e cadeira, telefone, cofre e minibar. <\/p><\/div><div class=\"room__bottom\"><div><div class=\"room__price-description\">Pre\u00e7o por noite desde<\/div><div class=\"room__price\">\u20ac 99<\/div><\/div><div><a class=\"btn see-more\" href=\"https:\/\/tryp.stg3.shareit.pt\/pt-pt\/room\/quarto-deluxe\/\">saber mais<\/a><a class=\"btn book-now\" href=\"https:\/\/www.wyndhamhotels.com\/pt-br\/tryp\/porto-portugal\/tryp-porto-expo-hotel\/overview\">Reservar j\u00e1<\/a><\/div><\/div><\/div><\/div><div class=\"room\"><div alt=\"QUARTO ACESS\u00cdVEL\" class=\"room__image\"><img src=\"https:\/\/tryp.stg3.shareit.pt\/wp-content\/uploads\/2022\/06\/TPE-Standard-room.jpg\"><\/div><div class=\"room__descriptions\"><div class=\"room__top\"><h3>QUARTO ACESS\u00cdVEL<\/h3><p class=\"room__description\">O quarto acess\u00edvel tem 23m2, disp\u00f5e de luz natural, duas camas individuais ou uma cama de casal queen-size, casa de banho com duche equipado com barras laterais de apoio, Wi-Fi de alta velocidade, TV LCD, telefone, cofre e minibar. <\/p><\/div><div class=\"room__bottom\"><div><div class=\"room__price-description\">Pre\u00e7o por noite desde<\/div><div class=\"room__price\">\u20ac 89<\/div><\/div><div><a class=\"btn see-more\" href=\"https:\/\/tryp.stg3.shareit.pt\/pt-pt\/room\/quarto-acessivel\/\">saber mais<\/a><a class=\"btn book-now\" href=\"https:\/\/www.wyndhamhotels.com\/pt-br\/tryp\/porto-portugal\/tryp-porto-expo-hotel\/overview\">Reservar j\u00e1<\/a><\/div><\/div><\/div><\/div><div class=\"room\"><div alt=\"QUARTO VISTA PISCINA\" class=\"room__image\"><img src=\"https:\/\/tryp.stg3.shareit.pt\/wp-content\/uploads\/2022\/06\/Principal.jpg\"><\/div><div class=\"room__descriptions\"><div class=\"room__top\"><h3>QUARTO VISTA PISCINA<\/h3><p class=\"room__description\">O quarto vista piscina tem 23m2, uma vista surpreendente sobre a imensa piscina, disp\u00f5e de luz natural, duas camas individuais ou uma cama de casal queen-size, casa de banho com banheira ou duche, secador de cabelo, Wi-Fi de alta velocidade, TV LCD, zona de trabalho com secret\u00e1ria e cadeira, telefone, cofre e minibar. <\/p><\/div><div class=\"room__bottom\"><div><div class=\"room__price-description\">Pre\u00e7o por noite desde<\/div><div class=\"room__price\">\u20ac 109<\/div><\/div><div><a class=\"btn see-more\" href=\"https:\/\/tryp.stg3.shareit.pt\/pt-pt\/room\/quarto-vista-piscina\/\">saber mais<\/a><a class=\"btn book-now\" href=\"https:\/\/www.wyndhamhotels.com\/pt-br\/tryp\/porto-portugal\/tryp-porto-expo-hotel\/overview\">Reservar j\u00e1<\/a><\/div><\/div><\/div><\/div><div class=\"room\"><div alt=\"QUARTO PREMIUM\" class=\"room__image\"><img src=\"https:\/\/tryp.stg3.shareit.pt\/wp-content\/uploads\/2022\/06\/TPE-PremiumRoom.jpg\"><\/div><div class=\"room__descriptions\"><div class=\"room__top\"><h3>QUARTO PREMIUM<\/h3><p class=\"room__description\">O quarto premium tem 23m2, disp\u00f5e de luz natural, uma cama de casal queen-size, casa de banho com banheira, secador de cabelo, Wi-Fi de alta velocidade, TV LCD, zona de trabalho com secret\u00e1ria e cadeira, roup\u00e3o e chinelos, chaleira, m\u00e1quina de caf\u00e9, telefone, cofre e minibar. <\/p><\/div><div class=\"room__bottom\"><div><div class=\"room__price-description\">Pre\u00e7o por noite desde<\/div><div class=\"room__price\">\u20ac 119<\/div><\/div><div><a class=\"btn see-more\" href=\"https:\/\/tryp.stg3.shareit.pt\/pt-pt\/room\/quarto-premium\/\">saber mais<\/a><a class=\"btn book-now\" href=\"https:\/\/www.wyndhamhotels.com\/pt-br\/tryp\/porto-portugal\/tryp-porto-expo-hotel\/overview\">Reservar j\u00e1<\/a><\/div><\/div><\/div><\/div><div class=\"room\"><div alt=\"QUARTO FAMILIAR\" class=\"room__image\"><img src=\"https:\/\/tryp.stg3.shareit.pt\/wp-content\/uploads\/2022\/06\/TPE-FamilyRoom.jpg\"><\/div><div class=\"room__descriptions\"><div class=\"room__top\"><h3>QUARTO FAMILIAR<\/h3><p class=\"room__description\">O quarto familiar tem 36m2, disp\u00f5e de luz natural, duas camas individuais ou uma cama de casal queen-size, um beliche, casa de banho com banheira ou duche, secador de cabelo, Wi-Fi de alta velocidade, TV LCD, zona de trabalho com secret\u00e1ria e cadeira, telefone, cofre e minibar. <\/p><\/div><div class=\"room__bottom\"><div><div class=\"room__price-description\">Pre\u00e7o por noite desde<\/div><div class=\"room__price\">\u20ac 129<\/div><\/div><div><a class=\"btn see-more\" href=\"https:\/\/tryp.stg3.shareit.pt\/pt-pt\/room\/quarto-familiar\/\">saber mais<\/a><a class=\"btn book-now\" href=\"https:\/\/www.wyndhamhotels.com\/pt-br\/tryp\/porto-portugal\/tryp-porto-expo-hotel\/overview\">Reservar j\u00e1<\/a><\/div><\/div><\/div><\/div><div class=\"room\"><div alt=\"SU\u00cdTE PREMIUM\" class=\"room__image\"><img src=\"https:\/\/tryp.stg3.shareit.pt\/wp-content\/uploads\/2022\/06\/Pormenor-Premium.jpg\"><\/div><div class=\"room__descriptions\"><div class=\"room__top\"><h3>SU\u00cdTE PREMIUM<\/h3><p class=\"room__description\">A suite premium tem 32m2, disp\u00f5e de luz natural, uma cama de casal queen-size, sala de estar independente com sof\u00e1-cama, casa de banho com banheira, secador de cabelo, Wi-Fi de alta velocidade, TV LCD, zona de trabalho com secret\u00e1ria e cadeira, roup\u00e3o e chinelos, chaleira, m\u00e1quina de caf\u00e9, telefone, cofre e minibar. <\/p><\/div><div class=\"room__bottom\"><div><div class=\"room__price-description\">Pre\u00e7o por noite desde<\/div><div class=\"room__price\">\u20ac 129<\/div><\/div><div><a class=\"btn see-more\" href=\"https:\/\/tryp.stg3.shareit.pt\/pt-pt\/room\/suite-premium\/\">saber mais<\/a><a class=\"btn book-now\" href=\"https:\/\/www.wyndhamhotels.com\/pt-br\/tryp\/porto-portugal\/tryp-porto-expo-hotel\/overview\">Reservar j\u00e1<\/a><\/div><\/div><\/div><\/div><\/div>\r\n<\/div><\/div><\/div><\/div><\/div>","protected":false},"excerpt":{"rendered":"<p>    Tipos de quarto<\/p>\n<p>    O TRYP by Wyndham Porto Expo <\/p>\n","protected":false},"author":3,"featured_media":19413,"parent":0,"menu_order":32,"comment_status":"closed","ping_status":"closed","template":"","meta":{"inline_featured_image":false},"acf":[],"publishpress_future_action":{"enabled":false,"date":"2026-04-15 09:01:08","action":"draft","terms":[],"taxonomy":"translation_priority"},"_links":{"self":[{"href":"https:\/\/tryp.stg3.shareit.pt\/pt-pt\/wp-json\/wp\/v2\/pages\/21407"}],"collection":[{"href":"https:\/\/tryp.stg3.shareit.pt\/pt-pt\/wp-json\/wp\/v2\/pages"}],"about":[{"href":"https:\/\/tryp.stg3.shareit.pt\/pt-pt\/wp-json\/wp\/v2\/types\/page"}],"author":[{"embeddable":true,"href":"https:\/\/tryp.stg3.shareit.pt\/pt-pt\/wp-json\/wp\/v2\/users\/3"}],"replies":[{"embeddable":true,"href":"https:\/\/tryp.stg3.shareit.pt\/pt-pt\/wp-json\/wp\/v2\/comments?post=21407"}],"version-history":[{"count":0,"href":"https:\/\/tryp.stg3.shareit.pt\/pt-pt\/wp-json\/wp\/v2\/pages\/21407\/revisions"}],"wp:featuredmedia":[{"embeddable":true,"href":"https:\/\/tryp.stg3.shareit.pt\/pt-pt\/wp-json\/wp\/v2\/media\/19413"}],"wp:attachment":[{"href":"https:\/\/tryp.stg3.shareit.pt\/pt-pt\/wp-json\/wp\/v2\/media?parent=21407"}],"curies":[{"name":"wp","href":"https:\/\/api.w.org\/{rel}","templated":true}]}}