{"id":32717,"date":"2024-02-23T09:49:55","date_gmt":"2024-02-23T09:49:55","guid":{"rendered":"https:\/\/www.trypportoexpo.com\/?page_id=32717"},"modified":"2024-02-23T11:34:27","modified_gmt":"2024-02-23T11:34:27","slug":"politique-environnementale","status":"publish","type":"page","link":"https:\/\/tryp.stg3.shareit.pt\/fr\/politique-environnementale\/","title":{"rendered":"Politique Environnementale"},"content":{"rendered":"<div id=\"pl-32717\"  class=\"panel-layout\" ><div id=\"pg-32717-0\"  class=\"panel-grid panel-no-style\" ><div id=\"pgc-32717-0-0\"  class=\"panel-grid-cell\" ><div id=\"panel-32717-0-0-0\" class=\"so-panel widget widget_empty-space panel-first-child panel-last-child\" data-index=\"0\" ><div class=\"mobile-extra-space panel-widget-style panel-widget-style-for-32717-0-0-0\" ><div class=\"thim-widget-empty-space thim-widget-empty-space-base\"><div class=\"empty_space\" style=\"height:60px\"><\/div><\/div><\/div><\/div><\/div><\/div><div id=\"pg-32717-1\"  class=\"panel-grid panel-no-style\" ><div id=\"pgc-32717-1-0\"  class=\"panel-grid-cell\" ><div id=\"panel-32717-1-0-0\" class=\"so-panel widget widget_icon-box panel-first-child\" data-index=\"1\" ><div class=\"si-mb-center panel-widget-style panel-widget-style-for-32717-1-0-0\" ><div class=\"thim-widget-icon-box thim-widget-icon-box-base\"><div class=\"inner-box \"><div  class=\"wrapper-box-icon text-left  \" ><div class=\"smicon-box iconbox-top\" data-fancybox-group=\"\"><div class=\"content-inner\" ><div class=\"si-background\"><\/div><div class=\"sc-heading article_heading\"><h3 class = \"heading__primary\" >POLITIQUE ENVIRONNEMENTALE<\/h3><\/div><a class=\"smicon-read sc-btn si-btn-todo\" data-fancybox-group=\"\">Montre Plus<\/a><div class=\"desc-icon-box\"><div  class=\"modal\"><span>Le Tryp Porto Expo est pleinement conscient de l'importance d'une gestion responsable et durable dans le d\u00e9veloppement de l'h\u00f4tellerie. Inspir\u00e9s par ce concept, nous avons pris un engagement que nous avons consolid\u00e9 avec des lignes directrices fondamentales pour le succ\u00e8s. Ces lignes directrices nous permettent de contribuer aux bonnes pratiques environnementales afin de minimiser les impacts respectifs en termes de pollution, de garantir la pr\u00e9servation des ressources naturelles et d'encourager le tourisme durable. \u00c0 cette fin, le Tryp Porto Expo \u00e9tablit cette politique dans les termes suivants:<\/span><\/div><\/div><\/div><\/div><!--end smicon-box--><\/div><\/div><\/div><\/div><\/div><div id=\"panel-32717-1-0-1\" class=\"so-panel widget widget_empty-space panel-last-child\" data-index=\"2\" ><div class=\"mobile-extra-space panel-widget-style panel-widget-style-for-32717-1-0-1\" ><div class=\"thim-widget-empty-space thim-widget-empty-space-base\"><div class=\"empty_space\" style=\"height:60px\"><\/div><\/div><\/div><\/div><\/div><\/div><div id=\"pg-32717-2\"  class=\"panel-grid panel-no-style\" ><div id=\"pgc-32717-2-0\"  class=\"panel-grid-cell\" ><div id=\"panel-32717-2-0-0\" class=\"so-panel widget widget_icon-box panel-first-child\" data-index=\"3\" ><div class=\"si-mb-center panel-widget-style panel-widget-style-for-32717-2-0-0\" ><div class=\"thim-widget-icon-box thim-widget-icon-box-base\"><div class=\"inner-box \"><div  class=\"wrapper-box-icon text-left  \" ><div class=\"smicon-box iconbox-top\" data-fancybox-group=\"\"><div class=\"content-inner\" ><div class=\"si-background\"><\/div><div class=\"sc-heading article_heading\"><h3 class = \"heading__primary\" >_________________<\/h3><\/div><a class=\"smicon-read sc-btn si-btn-todo\" data-fancybox-group=\"\">Montre Plus<\/a><\/div><\/div><!--end smicon-box--><\/div><\/div><\/div><\/div><\/div><div id=\"panel-32717-2-0-1\" class=\"so-panel widget widget_icon-box\" data-index=\"4\" ><div class=\"si-mm-center panel-widget-style panel-widget-style-for-32717-2-0-1\" ><div class=\"thim-widget-icon-box thim-widget-icon-box-base\"><div class=\"inner-box \"><div  class=\"wrapper-box-icon has_custom_image text-center  \" ><div class=\"smicon-box iconbox-top\" data-fancybox-group=\"\"><div class=\"boxes-icon\" ><span class=\"1 inner-icon\"><span class=\"icon icon-images\"><img src=\"https:\/\/tryp.stg3.shareit.pt\/wp-content\/uploads\/2024\/02\/Sustainable-1.png\" alt=\"Sustainable 1\" title=\"Sustainable 1\" ><\/span><\/span><\/div><div class=\"content-inner\" ><div class=\"desc-icon-box\"><div  class=\"modal\"><span>Se conformer aux exigences l\u00e9gales et environnementales applicables \u00e0 son activit\u00e9, en \u00e9valuant r\u00e9guli\u00e8rement ses impacts<br \/><br \/>Promouvoir la sensibilisation et la formation \u00e0 l'environnement aupr\u00e8s des employ\u00e9s afin de les impliquer et de les former aux bonnes pratiques environnementales<br \/><br \/>Coop\u00e9rer et promouvoir la communication avec les organismes gouvernementaux et externes et les associations<\/span><\/div><\/div><\/div><\/div><!--end smicon-box--><\/div><\/div><\/div><\/div><\/div><div id=\"panel-32717-2-0-2\" class=\"so-panel widget widget_empty-space panel-last-child\" data-index=\"5\" ><div class=\"mobile-extra-space panel-widget-style panel-widget-style-for-32717-2-0-2\" ><div class=\"thim-widget-empty-space thim-widget-empty-space-base\"><div class=\"empty_space\" style=\"height:60px\"><\/div><\/div><\/div><\/div><\/div><div id=\"pgc-32717-2-1\"  class=\"panel-grid-cell\" ><div id=\"panel-32717-2-1-0\" class=\"so-panel widget widget_icon-box panel-first-child\" data-index=\"6\" ><div class=\"si-mb-center panel-widget-style panel-widget-style-for-32717-2-1-0\" ><div class=\"thim-widget-icon-box thim-widget-icon-box-base\"><div class=\"inner-box \"><div  class=\"wrapper-box-icon text-left  \" ><div class=\"smicon-box iconbox-top\" data-fancybox-group=\"\"><div class=\"content-inner\" ><div class=\"si-background\"><\/div><div class=\"sc-heading article_heading\"><h3 class = \"heading__primary\" >_________________<\/h3><\/div><a class=\"smicon-read sc-btn si-btn-todo\" data-fancybox-group=\"\">Montre Plus<\/a><\/div><\/div><!--end smicon-box--><\/div><\/div><\/div><\/div><\/div><div id=\"panel-32717-2-1-1\" class=\"so-panel widget widget_icon-box\" data-index=\"7\" ><div class=\"si-mm-center panel-widget-style panel-widget-style-for-32717-2-1-1\" ><div class=\"thim-widget-icon-box thim-widget-icon-box-base\"><div class=\"inner-box \"><div  class=\"wrapper-box-icon has_custom_image text-center  \" ><div class=\"smicon-box iconbox-top\" data-fancybox-group=\"\"><div class=\"boxes-icon\" ><span class=\"1 inner-icon\"><span class=\"icon icon-images\"><img src=\"https:\/\/tryp.stg3.shareit.pt\/wp-content\/uploads\/2024\/02\/Sustainable-2.png\" alt=\"Sustainable 2\" title=\"Sustainable 2\" ><\/span><\/span><\/div><div class=\"content-inner\" ><div class=\"desc-icon-box\"><div  class=\"modal\"><span>Encourager l'implication des fournisseurs dans les questions de bonnes pratiques environnementales en vue d'am\u00e9liorer les performances dans ce domaine et celles de l'ensemble de l'op\u00e9ration concern\u00e9e<br \/><br \/>R\u00e9duire et contr\u00f4ler la consommation d'\u00e9nergie et de mati\u00e8res premi\u00e8res<br \/><br \/>Adopter une attitude d'am\u00e9lioration continue en mati\u00e8re de pr\u00e9vention de la pollution<br \/><br \/>Consolider la conqu\u00eate de clients d\u00e9sireux de profiter des services offerts par l'entreprise, avec un niveau de qualit\u00e9 \u00e9lev\u00e9<br \/><\/span><\/div><\/div><\/div><\/div><!--end smicon-box--><\/div><\/div><\/div><\/div><\/div><div id=\"panel-32717-2-1-2\" class=\"so-panel widget widget_empty-space panel-last-child\" data-index=\"8\" ><div class=\"mobile-extra-space panel-widget-style panel-widget-style-for-32717-2-1-2\" ><div class=\"thim-widget-empty-space thim-widget-empty-space-base\"><div class=\"empty_space\" style=\"height:60px\"><\/div><\/div><\/div><\/div><\/div><\/div><div id=\"pg-32717-3\"  class=\"panel-grid panel-no-style\" ><div id=\"pgc-32717-3-0\"  class=\"panel-grid-cell\" ><div id=\"panel-32717-3-0-0\" class=\"so-panel widget widget_icon-box panel-first-child\" data-index=\"9\" ><div class=\"si-mb-center panel-widget-style panel-widget-style-for-32717-3-0-0\" ><div class=\"thim-widget-icon-box thim-widget-icon-box-base\"><div class=\"inner-box \"><div  class=\"wrapper-box-icon text-left  \" ><div class=\"smicon-box iconbox-top\" data-fancybox-group=\"\"><div class=\"content-inner\" ><div class=\"desc-icon-box\"><div  class=\"modal\"><span>En tenant compte de ces principes, ainsi qu'en fournissant les ressources n\u00e9cessaires et appropri\u00e9es, y compris un engagement envers des ressources humaines sp\u00e9cialis\u00e9es, avec une formation r\u00e9guli\u00e8re et un \u00e9quipement technologiquement avanc\u00e9, le Tryp Porto Expo cherche toujours \u00e0 satisfaire pleinement les besoins et les attentes de ses clients.<\/span><\/div><\/div><\/div><\/div><!--end smicon-box--><\/div><\/div><\/div><\/div><\/div><div id=\"panel-32717-3-0-1\" class=\"so-panel widget widget_empty-space panel-last-child\" data-index=\"10\" ><div class=\"mobile-extra-space panel-widget-style panel-widget-style-for-32717-3-0-1\" ><div class=\"thim-widget-empty-space thim-widget-empty-space-base\"><div class=\"empty_space\" style=\"height:60px\"><\/div><\/div><\/div><\/div><\/div><\/div><\/div>","protected":false},"excerpt":{"rendered":"<p>POLITIQUE ENVIRONNEMENTALEMontre PlusLe Tryp Porto Expo est pleinement conscient de l&rsquo;importance d&rsquo;une gestion responsable et durable dans le d\u00e9veloppement de <\/p>\n","protected":false},"author":26,"featured_media":0,"parent":0,"menu_order":2,"comment_status":"closed","ping_status":"closed","template":"","meta":{"inline_featured_image":false},"acf":[],"publishpress_future_action":{"enabled":false,"date":"2026-04-15 05:41:25","action":"draft","terms":[],"taxonomy":"translation_priority"},"_links":{"self":[{"href":"https:\/\/tryp.stg3.shareit.pt\/fr\/wp-json\/wp\/v2\/pages\/32717"}],"collection":[{"href":"https:\/\/tryp.stg3.shareit.pt\/fr\/wp-json\/wp\/v2\/pages"}],"about":[{"href":"https:\/\/tryp.stg3.shareit.pt\/fr\/wp-json\/wp\/v2\/types\/page"}],"author":[{"embeddable":true,"href":"https:\/\/tryp.stg3.shareit.pt\/fr\/wp-json\/wp\/v2\/users\/26"}],"replies":[{"embeddable":true,"href":"https:\/\/tryp.stg3.shareit.pt\/fr\/wp-json\/wp\/v2\/comments?post=32717"}],"version-history":[{"count":10,"href":"https:\/\/tryp.stg3.shareit.pt\/fr\/wp-json\/wp\/v2\/pages\/32717\/revisions"}],"predecessor-version":[{"id":32770,"href":"https:\/\/tryp.stg3.shareit.pt\/fr\/wp-json\/wp\/v2\/pages\/32717\/revisions\/32770"}],"wp:attachment":[{"href":"https:\/\/tryp.stg3.shareit.pt\/fr\/wp-json\/wp\/v2\/media?parent=32717"}],"curies":[{"name":"wp","href":"https:\/\/api.w.org\/{rel}","templated":true}]}}