{"id":21405,"date":"2022-06-03T14:15:46","date_gmt":"2022-06-03T13:15:46","guid":{"rendered":"https:\/\/www.trypportoexpo.com\/?page_id=21405"},"modified":"2022-06-03T14:15:46","modified_gmt":"2022-06-03T13:15:46","slug":"chambres-suites","status":"publish","type":"page","link":"https:\/\/tryp.stg3.shareit.pt\/fr\/chambres-suites\/","title":{"rendered":"Chambres &amp; Suites"},"content":{"rendered":"<div id=\"pl-21405\"  class=\"panel-layout\" ><div id=\"pg-21405-0\"  class=\"panel-grid panel-no-style\" ><div id=\"pgc-21405-0-0\"  class=\"panel-grid-cell\" ><div id=\"panel-21405-0-0-0\" class=\"so-panel widget widget_empty-space panel-first-child\" data-index=\"0\" ><div class=\"thim-widget-empty-space thim-widget-empty-space-base\"><div class=\"empty_space\" style=\"height:30px\"><\/div><\/div><\/div><div id=\"panel-21405-0-0-1\" class=\"so-panel widget widget_rooms-widget panel-last-child\" data-index=\"1\" ><div\n\t\t\t\n\t\t\tclass=\"so-widget-rooms-widget so-widget-rooms-widget-default-d75171398898-21405\"\n\t\t\t\n\t\t>\r\n<h2 class=\"heading__primary\">\r\n    Types de chambres<\/h2>\r\n<p class=\"description-rooms\">\r\n    L'h\u00f4tel TRYP by Wyndham Porto Expo dispose de 120 chambres spacieuses baign\u00e9es de lumi\u00e8re naturelle, qui combinent toutes les commodit\u00e9s et le confort pour vous offrir un s\u00e9jour agr\u00e9able. Toutes les chambres sont \u00e9quip\u00e9es d'une connexion Wi-Fi haut d\u00e9bit, d'une t\u00e9l\u00e9vision \u00e0 \u00e9cran LCD, d'un t\u00e9l\u00e9phone, d'un coffre-fort, d'un minibar, d'un espace de travail, d'une salle de bain compl\u00e8te et d'articles de toilette gratuits. Que vous voyagiez pour affaires ou pour le plaisir, en couple ou en famille, le TRYP Porto Expo dispose de plusieurs types de chambres pour r\u00e9pondre \u00e0 vos besoins, au choix : chambre deluxe, chambre vue piscine, chambre premium, chambre familiale ou suite.\r\n<\/p>\r\n\r\n<div class=\"rooms-list\">\r\n    <div class=\"room\"><div alt=\"CHAMBRE DELUXE\" class=\"room__image\"><img src=\"https:\/\/tryp.stg3.shareit.pt\/wp-content\/uploads\/2022\/06\/19-Expo-Quarto-Standard-Twin-319.jpg\"><\/div><div class=\"room__descriptions\"><div class=\"room__top\"><h3>CHAMBRE DELUXE<\/h3><p class=\"room__description\">La chambre deluxe mesure 23m2, a la lumi\u00e8re naturelle, deux lits simples ou un lit double queen-size, salle de bain avec douche ou baignoire, s\u00e8che-cheveux, Wi-Fi haut d\u00e9bit, TV LCD, espace de travail avec bureau et chaise, t\u00e9l\u00e9phone, coffre-fort et mini-bar.<\/p><\/div><div class=\"room__bottom\"><div><div class=\"room__price-description\">Prix par nuit \u00e0 partir de<\/div><div class=\"room__price\">\u20ac 99<\/div><\/div><div><a class=\"btn see-more\" href=\"https:\/\/tryp.stg3.shareit.pt\/fr\/room\/chambre-deluxe\/\">savoir plus<\/a><a class=\"btn book-now\" href=\"https:\/\/www.wyndhamhotels.com\/fr-ca\/tryp\/porto-portugal\/tryp-porto-expo-hotel\/overview\">R\u00e9servez<\/a><\/div><\/div><\/div><\/div><div class=\"room\"><div alt=\"CHAMBRE ACCESSIBLE\" class=\"room__image\"><img src=\"https:\/\/tryp.stg3.shareit.pt\/wp-content\/uploads\/2022\/06\/TPE-Standard-room.jpg\"><\/div><div class=\"room__descriptions\"><div class=\"room__top\"><h3>CHAMBRE ACCESSIBLE<\/h3><p class=\"room__description\">La chambre accessible mesure 23m2, a la lumi\u00e8re naturelle, deux lits simples ou un lit queen-size, salle de bain avec douche \u00e9quip\u00e9e de mains courantes, Wi-Fi haut d\u00e9bit, TV LCD, t\u00e9l\u00e9phone, coffre-fort et minibar.<\/p><\/div><div class=\"room__bottom\"><div><div class=\"room__price-description\">Prix par nuit \u00e0 partir de<\/div><div class=\"room__price\">\u20ac 89<\/div><\/div><div><a class=\"btn see-more\" href=\"https:\/\/tryp.stg3.shareit.pt\/fr\/room\/chambre-accessible\/\">savoir plus<\/a><a class=\"btn book-now\" href=\"https:\/\/www.wyndhamhotels.com\/fr-ca\/tryp\/porto-portugal\/tryp-porto-expo-hotel\/overview\">R\u00e9servez<\/a><\/div><\/div><\/div><\/div><div class=\"room\"><div alt=\"CHAMBRE VUE PISCINE\" class=\"room__image\"><img src=\"https:\/\/tryp.stg3.shareit.pt\/wp-content\/uploads\/2022\/06\/Principal.jpg\"><\/div><div class=\"room__descriptions\"><div class=\"room__top\"><h3>CHAMBRE VUE PISCINE<\/h3><p class=\"room__description\">La chambre vue piscine a 23m2, une vue imprenable sur l'immense piscine, a la lumi\u00e8re naturelle, deux lits simples ou un lit queen-size, salle de bain avec baignoire ou douche, s\u00e8che-cheveux, Wi-Fi haut d\u00e9bit, TV LCD, espace de travail avec bureau et chaise, t\u00e9l\u00e9phone, coffre-fort et minibar.<\/p><\/div><div class=\"room__bottom\"><div><div class=\"room__price-description\">Prix par nuit \u00e0 partir de<\/div><div class=\"room__price\">\u20ac 109<\/div><\/div><div><a class=\"btn see-more\" href=\"https:\/\/tryp.stg3.shareit.pt\/fr\/room\/chambre-vue-piscine\/\">savoir plus<\/a><a class=\"btn book-now\" href=\"https:\/\/www.wyndhamhotels.com\/fr-ca\/tryp\/porto-portugal\/tryp-porto-expo-hotel\/overview\">R\u00e9servez<\/a><\/div><\/div><\/div><\/div><div class=\"room\"><div alt=\"CHAMBRE PREMIUM\" class=\"room__image\"><img src=\"https:\/\/tryp.stg3.shareit.pt\/wp-content\/uploads\/2022\/06\/TPE-PremiumRoom.jpg\"><\/div><div class=\"room__descriptions\"><div class=\"room__top\"><h3>CHAMBRE PREMIUM<\/h3><p class=\"room__description\">La chambre premium mesure 23m2, a la lumi\u00e8re naturelle, un lit queen size, salle de bain avec baignoire, s\u00e8che-cheveux, Wi-Fi haut d\u00e9bit, TV LCD, espace de travail avec bureau et chaise, peignoir et chaussons, bouilloire, cafeti\u00e8re, t\u00e9l\u00e9phone, coffre-fort et minibar.<\/p><\/div><div class=\"room__bottom\"><div><div class=\"room__price-description\">Prix par nuit \u00e0 partir de<\/div><div class=\"room__price\">\u20ac 119<\/div><\/div><div><a class=\"btn see-more\" href=\"https:\/\/tryp.stg3.shareit.pt\/fr\/room\/chambre-premium\/\">savoir plus<\/a><a class=\"btn book-now\" href=\"https:\/\/www.wyndhamhotels.com\/fr-ca\/tryp\/porto-portugal\/tryp-porto-expo-hotel\/overview\">R\u00e9servez<\/a><\/div><\/div><\/div><\/div><div class=\"room\"><div alt=\"CHAMBRE FAMILIALE\" class=\"room__image\"><img src=\"https:\/\/tryp.stg3.shareit.pt\/wp-content\/uploads\/2022\/06\/TPE-FamilyRoom.jpg\"><\/div><div class=\"room__descriptions\"><div class=\"room__top\"><h3>CHAMBRE FAMILIALE<\/h3><p class=\"room__description\">La chambre familiale mesure 36m2, a la lumi\u00e8re naturelle, deux lits simples ou un lit double queen size, un lit superpos\u00e9, salle de bain avec baignoire ou douche, s\u00e8che-cheveux, Wi-Fi haut d\u00e9bit, TV LCD, bureau avec chaise et bureau, t\u00e9l\u00e9phone, coffre-fort et minibar.<\/p><\/div><div class=\"room__bottom\"><div><div class=\"room__price-description\">Prix par nuit \u00e0 partir de<\/div><div class=\"room__price\">\u20ac 129<\/div><\/div><div><a class=\"btn see-more\" href=\"https:\/\/tryp.stg3.shareit.pt\/fr\/room\/chambre-familiale\/\">savoir plus<\/a><a class=\"btn book-now\" href=\"https:\/\/www.wyndhamhotels.com\/fr-ca\/tryp\/porto-portugal\/tryp-porto-expo-hotel\/overview\">R\u00e9servez<\/a><\/div><\/div><\/div><\/div><div class=\"room\"><div alt=\"SUITE PREMIUM\" class=\"room__image\"><img src=\"https:\/\/tryp.stg3.shareit.pt\/wp-content\/uploads\/2022\/06\/Pormenor-Premium.jpg\"><\/div><div class=\"room__descriptions\"><div class=\"room__top\"><h3>SUITE PREMIUM<\/h3><p class=\"room__description\">La suite premium mesure 32m2, a la lumi\u00e8re naturelle, un lit queen-size, un salon s\u00e9par\u00e9 avec canap\u00e9-lit, salle de bain avec baignoire, s\u00e8che-cheveux, Wi-Fi haut d\u00e9bit, TV LCD, bureau et chaise, peignoir et chaussons, bouilloire , cafeti\u00e8re, t\u00e9l\u00e9phone, coffre-fort et minibar.<\/p><\/div><div class=\"room__bottom\"><div><div class=\"room__price-description\">Prix par nuit \u00e0 partir de<\/div><div class=\"room__price\">\u20ac 129<\/div><\/div><div><a class=\"btn see-more\" href=\"https:\/\/tryp.stg3.shareit.pt\/fr\/room\/suite-premium\/\">savoir plus<\/a><a class=\"btn book-now\" href=\"https:\/\/www.wyndhamhotels.com\/fr-ca\/tryp\/porto-portugal\/tryp-porto-expo-hotel\/overview\">R\u00e9servez<\/a><\/div><\/div><\/div><\/div><\/div>\r\n<\/div><\/div><\/div><\/div><\/div>","protected":false},"excerpt":{"rendered":"<p>    Types de chambres<\/p>\n<p>    L&rsquo;h\u00f4tel TRYP by Wyndham Porto Expo <\/p>\n","protected":false},"author":3,"featured_media":19411,"parent":0,"menu_order":32,"comment_status":"closed","ping_status":"closed","template":"","meta":{"inline_featured_image":false},"acf":[],"publishpress_future_action":{"enabled":false,"date":"2026-04-15 03:47:03","action":"draft","terms":[],"taxonomy":"translation_priority"},"_links":{"self":[{"href":"https:\/\/tryp.stg3.shareit.pt\/fr\/wp-json\/wp\/v2\/pages\/21405"}],"collection":[{"href":"https:\/\/tryp.stg3.shareit.pt\/fr\/wp-json\/wp\/v2\/pages"}],"about":[{"href":"https:\/\/tryp.stg3.shareit.pt\/fr\/wp-json\/wp\/v2\/types\/page"}],"author":[{"embeddable":true,"href":"https:\/\/tryp.stg3.shareit.pt\/fr\/wp-json\/wp\/v2\/users\/3"}],"replies":[{"embeddable":true,"href":"https:\/\/tryp.stg3.shareit.pt\/fr\/wp-json\/wp\/v2\/comments?post=21405"}],"version-history":[{"count":0,"href":"https:\/\/tryp.stg3.shareit.pt\/fr\/wp-json\/wp\/v2\/pages\/21405\/revisions"}],"wp:featuredmedia":[{"embeddable":true,"href":"https:\/\/tryp.stg3.shareit.pt\/fr\/wp-json\/wp\/v2\/media\/19411"}],"wp:attachment":[{"href":"https:\/\/tryp.stg3.shareit.pt\/fr\/wp-json\/wp\/v2\/media?parent=21405"}],"curies":[{"name":"wp","href":"https:\/\/api.w.org\/{rel}","templated":true}]}}