{"id":32720,"date":"2024-02-23T09:50:06","date_gmt":"2024-02-23T09:50:06","guid":{"rendered":"https:\/\/www.trypportoexpo.com\/?page_id=32720"},"modified":"2024-02-23T09:50:07","modified_gmt":"2024-02-23T09:50:07","slug":"politica-ambiental","status":"publish","type":"page","link":"https:\/\/tryp.stg3.shareit.pt\/es\/politica-ambiental\/","title":{"rendered":"Pol\u00edtica Ambiental"},"content":{"rendered":"<div id=\"pl-32720\"  class=\"panel-layout\" ><div id=\"pg-32720-0\"  class=\"panel-grid panel-no-style\" ><div id=\"pgc-32720-0-0\"  class=\"panel-grid-cell\" ><div id=\"panel-32720-0-0-0\" class=\"so-panel widget widget_empty-space panel-first-child panel-last-child\" data-index=\"0\" ><div class=\"mobile-extra-space panel-widget-style panel-widget-style-for-32720-0-0-0\" ><div class=\"thim-widget-empty-space thim-widget-empty-space-base\"><div class=\"empty_space\" style=\"height:60px\"><\/div><\/div><\/div><\/div><\/div><\/div><div id=\"pg-32720-1\"  class=\"panel-grid panel-no-style\" ><div id=\"pgc-32720-1-0\"  class=\"panel-grid-cell\" ><div id=\"panel-32720-1-0-0\" class=\"so-panel widget widget_icon-box panel-first-child\" data-index=\"1\" ><div class=\"si-mb-center panel-widget-style panel-widget-style-for-32720-1-0-0\" ><div class=\"thim-widget-icon-box thim-widget-icon-box-base\"><div class=\"inner-box \"><div  class=\"wrapper-box-icon text-left  \" ><div class=\"smicon-box iconbox-top\" data-fancybox-group=\"\"><div class=\"content-inner\" ><div class=\"si-background\"><\/div><div class=\"sc-heading article_heading\"><h3 class = \"heading__primary\" >POL\u00cdTICA AMBIENTAL<\/h3><\/div><a class=\"smicon-read sc-btn si-btn-todo\" data-fancybox-group=\"\">Mostrar M\u00e1s<\/a><div class=\"desc-icon-box\"><div  class=\"modal\"><span>El Tryp Porto Expo es plenamente consciente de la importancia de una gesti\u00f3n responsable y sostenible en el desarrollo del negocio hotelero. Inspirados por este concepto, hemos asumido un compromiso que hemos ido solidificando con directrices fundamentales para el \u00e9xito. Es con estas directrices que pretendemos contribuir a las buenas pr\u00e1cticas ambientales para minimizar los respectivos impactos en t\u00e9rminos de contaminaci\u00f3n, garantizando la preservaci\u00f3n de los recursos naturales para potenciar el turismo sostenible. Para ello, el Tryp Porto Expo establece esta pol\u00edtica en los siguientes t\u00e9rminos:<\/span><\/div><\/div><\/div><\/div><!--end smicon-box--><\/div><\/div><\/div><\/div><\/div><div id=\"panel-32720-1-0-1\" class=\"so-panel widget widget_empty-space panel-last-child\" data-index=\"2\" ><div class=\"mobile-extra-space panel-widget-style panel-widget-style-for-32720-1-0-1\" ><div class=\"thim-widget-empty-space thim-widget-empty-space-base\"><div class=\"empty_space\" style=\"height:60px\"><\/div><\/div><\/div><\/div><\/div><\/div><div id=\"pg-32720-2\"  class=\"panel-grid panel-no-style\" ><div id=\"pgc-32720-2-0\"  class=\"panel-grid-cell\" ><div id=\"panel-32720-2-0-0\" class=\"so-panel widget widget_icon-box panel-first-child\" data-index=\"3\" ><div class=\"si-mb-center panel-widget-style panel-widget-style-for-32720-2-0-0\" ><div class=\"thim-widget-icon-box thim-widget-icon-box-base\"><div class=\"inner-box \"><div  class=\"wrapper-box-icon text-left  \" ><div class=\"smicon-box iconbox-top\" data-fancybox-group=\"\"><div class=\"content-inner\" ><div class=\"si-background\"><\/div><div class=\"sc-heading article_heading\"><h3 class = \"heading__primary\" >_________________<\/h3><\/div><a class=\"smicon-read sc-btn si-btn-todo\" data-fancybox-group=\"\">Mostrar M\u00e1s<\/a><\/div><\/div><!--end smicon-box--><\/div><\/div><\/div><\/div><\/div><div id=\"panel-32720-2-0-1\" class=\"so-panel widget widget_icon-box\" data-index=\"4\" ><div class=\"si-mm-center panel-widget-style panel-widget-style-for-32720-2-0-1\" ><div class=\"thim-widget-icon-box thim-widget-icon-box-base\"><div class=\"inner-box \"><div  class=\"wrapper-box-icon has_custom_image text-center  \" ><div class=\"smicon-box iconbox-top\" data-fancybox-group=\"\"><div class=\"boxes-icon\" ><span class=\"1 inner-icon\"><span class=\"icon icon-images\"><img src=\"https:\/\/tryp.stg3.shareit.pt\/wp-content\/uploads\/2024\/02\/Sustainable-1.png\" alt=\"Sustainable 1\" title=\"Sustainable 1\" ><\/span><\/span><\/div><div class=\"content-inner\" ><div class=\"desc-icon-box\"><div  class=\"modal\"><span>Cumplir los requisitos legales y ambientales aplicables a su actividad, evaluando peri\u00f3dicamente sus impactos<br \/><br \/>Promover la sensibilizaci\u00f3n y formaci\u00f3n ambiental entre los empleados para implicarles y formarles en buenas pr\u00e1cticas ambientales<br \/><br \/>Cooperar y promover la comunicaci\u00f3n con organismos y asociaciones gubernamentales y externas<\/span><\/div><\/div><\/div><\/div><!--end smicon-box--><\/div><\/div><\/div><\/div><\/div><div id=\"panel-32720-2-0-2\" class=\"so-panel widget widget_empty-space panel-last-child\" data-index=\"5\" ><div class=\"mobile-extra-space panel-widget-style panel-widget-style-for-32720-2-0-2\" ><div class=\"thim-widget-empty-space thim-widget-empty-space-base\"><div class=\"empty_space\" style=\"height:60px\"><\/div><\/div><\/div><\/div><\/div><div id=\"pgc-32720-2-1\"  class=\"panel-grid-cell\" ><div id=\"panel-32720-2-1-0\" class=\"so-panel widget widget_icon-box panel-first-child\" data-index=\"6\" ><div class=\"si-mb-center panel-widget-style panel-widget-style-for-32720-2-1-0\" ><div class=\"thim-widget-icon-box thim-widget-icon-box-base\"><div class=\"inner-box \"><div  class=\"wrapper-box-icon text-left  \" ><div class=\"smicon-box iconbox-top\" data-fancybox-group=\"\"><div class=\"content-inner\" ><div class=\"si-background\"><\/div><div class=\"sc-heading article_heading\"><h3 class = \"heading__primary\" >_________________<\/h3><\/div><a class=\"smicon-read sc-btn si-btn-todo\" data-fancybox-group=\"\">Mostrar M\u00e1s<\/a><\/div><\/div><!--end smicon-box--><\/div><\/div><\/div><\/div><\/div><div id=\"panel-32720-2-1-1\" class=\"so-panel widget widget_icon-box\" data-index=\"7\" ><div class=\"si-mm-center panel-widget-style panel-widget-style-for-32720-2-1-1\" ><div class=\"thim-widget-icon-box thim-widget-icon-box-base\"><div class=\"inner-box \"><div  class=\"wrapper-box-icon has_custom_image text-center  \" ><div class=\"smicon-box iconbox-top\" data-fancybox-group=\"\"><div class=\"boxes-icon\" ><span class=\"1 inner-icon\"><span class=\"icon icon-images\"><img src=\"https:\/\/tryp.stg3.shareit.pt\/wp-content\/uploads\/2024\/02\/Sustainable-2.png\" alt=\"Sustainable 2\" title=\"Sustainable 2\" ><\/span><\/span><\/div><div class=\"content-inner\" ><div class=\"desc-icon-box\"><div  class=\"modal\"><span>Fomentar la implicaci\u00f3n de los proveedores en cuestiones de buenas pr\u00e1cticas medioambientales con vistas a mejorar el rendimiento en este \u00e1mbito y el de toda la operaci\u00f3n implicada<br \/><br \/>Reducir y controlar el consumo de energ\u00eda y materias primas<br \/><br \/>Adoptar una actitud de mejora continua en la prevenci\u00f3n de la contaminaci\u00f3n<br \/><br \/>Consolidar la conquista de clientes dispuestos a aprovechar los servicios ofrecidos por la empresa, con un alto nivel de calidad<\/span><\/div><\/div><\/div><\/div><!--end smicon-box--><\/div><\/div><\/div><\/div><\/div><div id=\"panel-32720-2-1-2\" class=\"so-panel widget widget_empty-space panel-last-child\" data-index=\"8\" ><div class=\"mobile-extra-space panel-widget-style panel-widget-style-for-32720-2-1-2\" ><div class=\"thim-widget-empty-space thim-widget-empty-space-base\"><div class=\"empty_space\" style=\"height:60px\"><\/div><\/div><\/div><\/div><\/div><\/div><div id=\"pg-32720-3\"  class=\"panel-grid panel-no-style\" ><div id=\"pgc-32720-3-0\"  class=\"panel-grid-cell\" ><div id=\"panel-32720-3-0-0\" class=\"so-panel widget widget_icon-box panel-first-child\" data-index=\"9\" ><div class=\"si-mb-center panel-widget-style panel-widget-style-for-32720-3-0-0\" ><div class=\"thim-widget-icon-box thim-widget-icon-box-base\"><div class=\"inner-box \"><div  class=\"wrapper-box-icon text-left  \" ><div class=\"smicon-box iconbox-top\" data-fancybox-group=\"\"><div class=\"content-inner\" ><div class=\"desc-icon-box\"><div  class=\"modal\"><span>Teniendo en cuenta estos principios, adem\u00e1s de proporcionar los recursos necesarios y adecuados, incluyendo la apuesta por recursos humanos especializados, con formaci\u00f3n peri\u00f3dica y equipos tecnol\u00f3gicamente avanzados, el Tryp Porto Expo busca siempre satisfacer plenamente las necesidades y expectativas de sus clientes.<\/span><\/div><\/div><\/div><\/div><!--end smicon-box--><\/div><\/div><\/div><\/div><\/div><div id=\"panel-32720-3-0-1\" class=\"so-panel widget widget_empty-space panel-last-child\" data-index=\"10\" ><div class=\"mobile-extra-space panel-widget-style panel-widget-style-for-32720-3-0-1\" ><div class=\"thim-widget-empty-space thim-widget-empty-space-base\"><div class=\"empty_space\" style=\"height:60px\"><\/div><\/div><\/div><\/div><\/div><\/div><\/div>","protected":false},"excerpt":{"rendered":"<p>POL\u00cdTICA AMBIENTALMostrar M\u00e1sEl Tryp Porto Expo es plenamente consciente de la importancia de una gesti\u00f3n responsable y sostenible en el <\/p>\n","protected":false},"author":26,"featured_media":0,"parent":0,"menu_order":2,"comment_status":"closed","ping_status":"closed","template":"","meta":{"inline_featured_image":false},"acf":[],"publishpress_future_action":{"enabled":false,"date":"2026-04-15 05:49:47","action":"draft","terms":[],"taxonomy":"translation_priority"},"_links":{"self":[{"href":"https:\/\/tryp.stg3.shareit.pt\/es\/wp-json\/wp\/v2\/pages\/32720"}],"collection":[{"href":"https:\/\/tryp.stg3.shareit.pt\/es\/wp-json\/wp\/v2\/pages"}],"about":[{"href":"https:\/\/tryp.stg3.shareit.pt\/es\/wp-json\/wp\/v2\/types\/page"}],"author":[{"embeddable":true,"href":"https:\/\/tryp.stg3.shareit.pt\/es\/wp-json\/wp\/v2\/users\/26"}],"replies":[{"embeddable":true,"href":"https:\/\/tryp.stg3.shareit.pt\/es\/wp-json\/wp\/v2\/comments?post=32720"}],"version-history":[{"count":6,"href":"https:\/\/tryp.stg3.shareit.pt\/es\/wp-json\/wp\/v2\/pages\/32720\/revisions"}],"predecessor-version":[{"id":32763,"href":"https:\/\/tryp.stg3.shareit.pt\/es\/wp-json\/wp\/v2\/pages\/32720\/revisions\/32763"}],"wp:attachment":[{"href":"https:\/\/tryp.stg3.shareit.pt\/es\/wp-json\/wp\/v2\/media?parent=32720"}],"curies":[{"name":"wp","href":"https:\/\/api.w.org\/{rel}","templated":true}]}}