{"id":21408,"date":"2022-06-03T14:15:13","date_gmt":"2022-06-03T13:15:13","guid":{"rendered":"https:\/\/www.trypportoexpo.com\/?page_id=21408"},"modified":"2022-06-03T14:15:14","modified_gmt":"2022-06-03T13:15:14","slug":"habitaciones-suites","status":"publish","type":"page","link":"https:\/\/tryp.stg3.shareit.pt\/es\/habitaciones-suites\/","title":{"rendered":"Habitaciones &amp; Suites"},"content":{"rendered":"<div id=\"pl-21408\"  class=\"panel-layout\" ><div id=\"pg-21408-0\"  class=\"panel-grid panel-no-style\" ><div id=\"pgc-21408-0-0\"  class=\"panel-grid-cell\" ><div id=\"panel-21408-0-0-0\" class=\"so-panel widget widget_empty-space panel-first-child\" data-index=\"0\" ><div class=\"thim-widget-empty-space thim-widget-empty-space-base\"><div class=\"empty_space\" style=\"height:30px\"><\/div><\/div><\/div><div id=\"panel-21408-0-0-1\" class=\"so-panel widget widget_rooms-widget panel-last-child\" data-index=\"1\" ><div\n\t\t\t\n\t\t\tclass=\"so-widget-rooms-widget so-widget-rooms-widget-default-d75171398898-21408\"\n\t\t\t\n\t\t>\r\n<h2 class=\"heading__primary\">\r\n    Tipos de habitaciones<\/h2>\r\n<p class=\"description-rooms\">\r\n    El Hotel TRYP by Wyndham Porto Expo dispone de 120 amplias habitaciones llenas de luz natural, que combinan todas las comodidades y el confort para proporcionarte una estancia agradable. Todas las habitaciones est\u00e1n equipadas con wifi de alta velocidad, TV LCD, tel\u00e9fono, caja fuerte, minibar, zona de trabajo, ba\u00f1o completo y amenities gratuitos. Ya sea que viaje por negocios o ocio, en pareja o en familia, el TRYP Porto Expo dispone de varios tipos de habitaciones que se adaptan a sus necesidades, pudiendo elegir entre: habitaci\u00f3n deluxe, habitaci\u00f3n vista piscina, habitaci\u00f3n premium, habitaci\u00f3n familiar o suite.\r\n<\/p>\r\n\r\n<div class=\"rooms-list\">\r\n    <div class=\"room\"><div alt=\"HABITACI\u00d3N DELUXE\" class=\"room__image\"><img src=\"https:\/\/tryp.stg3.shareit.pt\/wp-content\/uploads\/2022\/06\/19-Expo-Quarto-Standard-Twin-319.jpg\"><\/div><div class=\"room__descriptions\"><div class=\"room__top\"><h3>HABITACI\u00d3N DELUXE<\/h3><p class=\"room__description\">La habitaci\u00f3n deluxe mide 23m2, dispone de luz natural, dos camas individuales o cama de matrimonio tama\u00f1o queen, ba\u00f1o con ducha o ba\u00f1era, secador de pelo, wifi de alta velocidad, TV LCD, zona de trabajo con escritorio y silla, tel\u00e9fono, caja fuerte y minibar.<\/p><\/div><div class=\"room__bottom\"><div><div class=\"room__price-description\">Precio desde<\/div><div class=\"room__price\">\u20ac 99<\/div><\/div><div><a class=\"btn see-more\" href=\"https:\/\/tryp.stg3.shareit.pt\/es\/room\/habitacion-deluxe\/\">saber m\u00e1s<\/a><a class=\"btn book-now\" href=\"https:\/\/www.wyndhamhotels.com\/es-xl\/tryp\/porto-portugal\/tryp-porto-expo-hotel\/overview\">Reservar<\/a><\/div><\/div><\/div><\/div><div class=\"room\"><div alt=\"HABITACI\u00d3N ACCESIBLE\" class=\"room__image\"><img src=\"https:\/\/tryp.stg3.shareit.pt\/wp-content\/uploads\/2022\/06\/TPE-Standard-room.jpg\"><\/div><div class=\"room__descriptions\"><div class=\"room__top\"><h3>HABITACI\u00d3N ACCESIBLE<\/h3><p class=\"room__description\">La habitaci\u00f3n accesible mide 23m2, tiene luz natural, dos camas individuales o cama de matrimonio, ba\u00f1o con ducha equipada con pasamanos, wifi de alta velocidad, TV LCD, tel\u00e9fono, caja fuerte y minibar.<\/p><\/div><div class=\"room__bottom\"><div><div class=\"room__price-description\">Precio desde<\/div><div class=\"room__price\">\u20ac 89<\/div><\/div><div><a class=\"btn see-more\" href=\"https:\/\/tryp.stg3.shareit.pt\/es\/room\/habitacion-accesible\/\">saber m\u00e1s<\/a><a class=\"btn book-now\" href=\"https:\/\/www.wyndhamhotels.com\/es-xl\/tryp\/porto-portugal\/tryp-porto-expo-hotel\/overview\">Reservar<\/a><\/div><\/div><\/div><\/div><div class=\"room\"><div alt=\"HAVITACI\u00d3N VISTA PISCINA\" class=\"room__image\"><img src=\"https:\/\/tryp.stg3.shareit.pt\/wp-content\/uploads\/2022\/06\/Principal.jpg\"><\/div><div class=\"room__descriptions\"><div class=\"room__top\"><h3>HAVITACI\u00d3N VISTA PISCINA<\/h3><p class=\"room__description\">La habitaci\u00f3n vista piscina tiene 23m2, una espectacular vista sobre la inmensa piscina, cuenta con luz natural, dos camas individuales o cama queen size, ba\u00f1o con ba\u00f1era o ducha, secador de pelo, wifi de alta velocidad, TV LCD, zona de trabajo con escritorio y silla, tel\u00e9fono, caja de seguridad y minibar.<\/p><\/div><div class=\"room__bottom\"><div><div class=\"room__price-description\">Precio desde<\/div><div class=\"room__price\">\u20ac 109<\/div><\/div><div><a class=\"btn see-more\" href=\"https:\/\/tryp.stg3.shareit.pt\/es\/room\/habitacion-vista-piscina\/\">saber m\u00e1s<\/a><a class=\"btn book-now\" href=\" https:\/\/www.wyndhamhotels.com\/es-xl\/tryp\/porto-portugal\/tryp-porto-expo-hotel\/overview\">Reservar<\/a><\/div><\/div><\/div><\/div><div class=\"room\"><div alt=\"HABITACI\u00d3N PREMIUM\" class=\"room__image\"><img src=\"https:\/\/tryp.stg3.shareit.pt\/wp-content\/uploads\/2022\/06\/TPE-PremiumRoom.jpg\"><\/div><div class=\"room__descriptions\"><div class=\"room__top\"><h3>HABITACI\u00d3N PREMIUM<\/h3><p class=\"room__description\">La habitaci\u00f3n premium mide 23m2, dispone de luz natural, cama de matrimonio, ba\u00f1o con ba\u00f1era, secador de pelo, wifi de alta velocidad, TV LCD, zona de trabajo con escritorio y silla, albornoz y zapatillas, hervidor de agua, cafetera, tel\u00e9fono, caja fuerte y minibar.<\/p><\/div><div class=\"room__bottom\"><div><div class=\"room__price-description\">Precio desde<\/div><div class=\"room__price\">\u20ac 119<\/div><\/div><div><a class=\"btn see-more\" href=\"https:\/\/tryp.stg3.shareit.pt\/es\/room\/habitacion-premium\/\">saber m\u00e1s<\/a><a class=\"btn book-now\" href=\"https:\/\/www.wyndhamhotels.com\/es-xl\/tryp\/porto-portugal\/tryp-porto-expo-hotel\/overview\">Reservar<\/a><\/div><\/div><\/div><\/div><div class=\"room\"><div alt=\"HABITACI\u00d3N FAMILIAR\" class=\"room__image\"><img src=\"https:\/\/tryp.stg3.shareit.pt\/wp-content\/uploads\/2022\/06\/TPE-FamilyRoom.jpg\"><\/div><div class=\"room__descriptions\"><div class=\"room__top\"><h3>HABITACI\u00d3N FAMILIAR<\/h3><p class=\"room__description\">La habitaci\u00f3n familiar mide 36m2, cuenta con luz natural, dos camas individuales o cama doble queen size, una litera, ba\u00f1o con ba\u00f1era o ducha, secador de pelo, wifi de alta velocidad, TV LCD, trabajo con escritorio y silla, tel\u00e9fono, caja fuerte y minibar.<\/p><\/div><div class=\"room__bottom\"><div><div class=\"room__price-description\">Precio desde<\/div><div class=\"room__price\">\u20ac 129<\/div><\/div><div><a class=\"btn see-more\" href=\"https:\/\/tryp.stg3.shareit.pt\/es\/room\/habitacion-familiar\/\">saber m\u00e1s<\/a><a class=\"btn book-now\" href=\"https:\/\/www.wyndhamhotels.com\/es-xl\/tryp\/porto-portugal\/tryp-porto-expo-hotel\/overview\">Reservar<\/a><\/div><\/div><\/div><\/div><div class=\"room\"><div alt=\"SUITE PREMIUM\" class=\"room__image\"><img src=\"https:\/\/tryp.stg3.shareit.pt\/wp-content\/uploads\/2022\/06\/Pormenor-Premium.jpg\"><\/div><div class=\"room__descriptions\"><div class=\"room__top\"><h3>SUITE PREMIUM<\/h3><p class=\"room__description\">La suite premium mide 32m2, tiene luz natural, cama queen size, sal\u00f3n independiente con sof\u00e1 cama, ba\u00f1o con ba\u00f1era, secador de pelo, wifi de alta velocidad, TV LCD, escritorio de trabajo con silla, albornoz y zapatillas, hervidor de agua , cafetera, tel\u00e9fono, caja fuerte y minibar.<\/p><\/div><div class=\"room__bottom\"><div><div class=\"room__price-description\">Precio desde<\/div><div class=\"room__price\">\u20ac 129<\/div><\/div><div><a class=\"btn see-more\" href=\"https:\/\/tryp.stg3.shareit.pt\/es\/room\/suite-premium\/\">saber m\u00e1s<\/a><a class=\"btn book-now\" href=\" https:\/\/www.wyndhamhotels.com\/es-xl\/tryp\/porto-portugal\/tryp-porto-expo-hotel\/overview\">Reservar<\/a><\/div><\/div><\/div><\/div><\/div>\r\n<\/div><\/div><\/div><\/div><\/div>","protected":false},"excerpt":{"rendered":"<p>    Tipos de habitaciones<\/p>\n<p>    El Hotel TRYP by Wyndham Porto <\/p>\n","protected":false},"author":3,"featured_media":19414,"parent":0,"menu_order":32,"comment_status":"closed","ping_status":"closed","template":"","meta":{"inline_featured_image":false},"acf":[],"publishpress_future_action":{"enabled":false,"date":"2026-04-15 07:05:24","action":"draft","terms":[],"taxonomy":"translation_priority"},"_links":{"self":[{"href":"https:\/\/tryp.stg3.shareit.pt\/es\/wp-json\/wp\/v2\/pages\/21408"}],"collection":[{"href":"https:\/\/tryp.stg3.shareit.pt\/es\/wp-json\/wp\/v2\/pages"}],"about":[{"href":"https:\/\/tryp.stg3.shareit.pt\/es\/wp-json\/wp\/v2\/types\/page"}],"author":[{"embeddable":true,"href":"https:\/\/tryp.stg3.shareit.pt\/es\/wp-json\/wp\/v2\/users\/3"}],"replies":[{"embeddable":true,"href":"https:\/\/tryp.stg3.shareit.pt\/es\/wp-json\/wp\/v2\/comments?post=21408"}],"version-history":[{"count":0,"href":"https:\/\/tryp.stg3.shareit.pt\/es\/wp-json\/wp\/v2\/pages\/21408\/revisions"}],"wp:featuredmedia":[{"embeddable":true,"href":"https:\/\/tryp.stg3.shareit.pt\/es\/wp-json\/wp\/v2\/media\/19414"}],"wp:attachment":[{"href":"https:\/\/tryp.stg3.shareit.pt\/es\/wp-json\/wp\/v2\/media?parent=21408"}],"curies":[{"name":"wp","href":"https:\/\/api.w.org\/{rel}","templated":true}]}}