{"id":14726,"date":"2020-12-21T10:31:32","date_gmt":"2020-12-21T10:31:32","guid":{"rendered":"https:\/\/www.trypportoexpo.com\/?page_id=14726"},"modified":"2022-08-25T16:07:42","modified_gmt":"2022-08-25T15:07:42","slug":"health-and-safety","status":"publish","type":"page","link":"https:\/\/tryp.stg3.shareit.pt\/es\/health-and-safety\/","title":{"rendered":"Health and Safety"},"content":{"rendered":"<div id=\"pl-14726\"  class=\"panel-layout\" ><div id=\"pg-14726-0\"  class=\"panel-grid panel-has-style\" ><div id=\"sobre-nos\" class=\"panel-row-style panel-row-style-for-14726-0\" ><div id=\"pgc-14726-0-0\"  class=\"panel-grid-cell\" ><div id=\"panel-14726-0-0-0\" class=\"so-panel widget widget_empty-space panel-first-child panel-last-child\" data-index=\"0\" ><div class=\"mobile-extra-space panel-widget-style panel-widget-style-for-14726-0-0-0\" ><div class=\"thim-widget-empty-space thim-widget-empty-space-base\"><div class=\"empty_space\" style=\"height:60px\"><\/div><\/div><\/div><\/div><\/div><\/div><\/div><div id=\"pg-14726-1\"  class=\"panel-grid panel-has-style\" ><div id=\"clean-safe\" class=\"panel-row-style panel-row-style-for-14726-1\" ><div id=\"pgc-14726-1-0\"  class=\"panel-grid-cell\" ><div id=\"panel-14726-1-0-0\" class=\"so-panel widget widget_icon-box panel-first-child\" data-index=\"1\" ><div class=\"textblock panel-widget-style panel-widget-style-for-14726-1-0-0\" ><div class=\"thim-widget-icon-box thim-widget-icon-box-base\"><div class=\"inner-box \"><div  class=\"wrapper-box-icon has_read_more text-left  \" ><div class=\"smicon-box iconbox-top\" data-fancybox-group=\"\"><div class=\"content-inner\" ><div class=\"si-background\"><\/div><div class=\"sc-heading article_heading\"><h2 class = \"heading__primary\" >CLEAN &#38; SAFE<\/h2><\/div><a class=\"smicon-read sc-btn si-btn-todo\" data-fancybox-group=\"\">Mostrar M\u00e1s<\/a><div class=\"desc-icon-box\"><div  class=\"modal\"><span>Hemos sido distinguidos con el sello \"Clean &#38; Safe\" atribuido por Turismo de Portugal, porque nuestro hotel cumple con las recomendaciones de la Direcci\u00f3n General de Salud con el fin de prevenir cualquier tipo de contaminaci\u00f3n de los espacios con el SARS-CoV2 (nuevo coronavirus).<br \/>Nuestra prioridad n\u00famero uno es la seguridad, el bienestar y la salud de todos nuestros hu\u00e9spedes y colaboradores. Para asegurar esto, hemos establecido y puesto en pr\u00e1ctica seguridad preventiva, medidas y pr\u00e1cticas de higiene y seguridad, seg\u00fan las recomendaciones y las directrices de la Direcci\u00f3n General de Salud, para que todos nuestros clientes puedan sentirse seguros y confortables cuando se alojan o visitan nuestros hoteles.<br \/>Nuestros equipos dedicados est\u00e1n entrenados y enfocados en mantener sano y seguro el ambiente que caracteriza nuestros hoteles, y est\u00e1n listos para prestar cualquier asistencia.<br \/>Nos enfrentamos a nuevos retos, pero con la dedicaci\u00f3n de siempre esperamos poder darle la bienvenida muy pronto.<\/span><\/div><\/div><\/div><\/div><!--end smicon-box--><\/div><\/div><\/div><\/div><\/div><div id=\"panel-14726-1-0-1\" class=\"so-panel widget widget_empty-space\" data-index=\"2\" ><div class=\"mobile-extra-space panel-widget-style panel-widget-style-for-14726-1-0-1\" ><div class=\"thim-widget-empty-space thim-widget-empty-space-base\"><div class=\"empty_space\" style=\"height:60px\"><\/div><\/div><\/div><\/div><div id=\"panel-14726-1-0-2\" class=\"so-panel widget widget_sow-editor panel-last-child\" data-index=\"3\" ><div\n\t\t\t\n\t\t\tclass=\"so-widget-sow-editor so-widget-sow-editor-base\"\n\t\t\t\n\t\t>\n<div class=\"siteorigin-widget-tinymce textwidget\">\n\t<p>Saber m\u00e1s <a href=\"https:\/\/www.melia.com\/covid-19\/covid_es.html\" target=\"_blank\" rel=\"noopener\">aqui<\/a>.<\/p>\n<\/div>\n<\/div><\/div><\/div><div id=\"pgc-14726-1-1\"  class=\"panel-grid-cell\" ><div id=\"panel-14726-1-1-0\" class=\"so-panel widget widget_empty-space panel-first-child\" data-index=\"4\" ><div class=\"mobile-extra-space panel-widget-style panel-widget-style-for-14726-1-1-0\" ><div class=\"thim-widget-empty-space thim-widget-empty-space-base\"><div class=\"empty_space\" style=\"height:60px\"><\/div><\/div><\/div><\/div><div id=\"panel-14726-1-1-1\" class=\"so-panel widget widget_sow-editor panel-last-child\" data-index=\"5\" ><div class=\"dark-bold panel-widget-style panel-widget-style-for-14726-1-1-1\" ><div\n\t\t\t\n\t\t\tclass=\"so-widget-sow-editor so-widget-sow-editor-base\"\n\t\t\t\n\t\t>\n<div class=\"siteorigin-widget-tinymce textwidget\">\n\t<p><img decoding=\"async\" class=\"alignnone wp-image-23036 aligncenter\" src=\"https:\/\/www.hoteldamusica.com\/wp-content\/uploads\/sites\/31\/2020\/05\/SELO.png\" alt=\"\" width=\"338\" height=\"331\"><\/p>\n<\/div>\n<\/div><\/div><\/div><\/div><\/div><\/div><div id=\"pg-14726-2\"  class=\"panel-grid panel-has-style\" ><div id=\"internal-protocol\" class=\"panel-row-style panel-row-style-for-14726-2\" ><div id=\"pgc-14726-2-0\"  class=\"panel-grid-cell\" ><div id=\"panel-14726-2-0-0\" class=\"so-panel widget widget_empty-space panel-first-child\" data-index=\"6\" ><div class=\"mobile-extra-space panel-widget-style panel-widget-style-for-14726-2-0-0\" ><div class=\"thim-widget-empty-space thim-widget-empty-space-base\"><div class=\"empty_space\" style=\"height:60px\"><\/div><\/div><\/div><\/div><div id=\"panel-14726-2-0-1\" class=\"so-panel widget widget_sow-editor\" data-index=\"7\" ><div\n\t\t\t\n\t\t\tclass=\"so-widget-sow-editor so-widget-sow-editor-base\"\n\t\t\t\n\t\t>\n<div class=\"siteorigin-widget-tinymce textwidget\">\n\t<p style=\"text-align: center;\"><strong>Puede encontrar m\u00e1s detalles a continuaci\u00f3n.<\/strong><\/p>\n<\/div>\n<\/div><\/div><div id=\"panel-14726-2-0-2\" class=\"so-panel widget widget_empty-space panel-last-child\" data-index=\"8\" ><div class=\"mobile-extra-space panel-widget-style panel-widget-style-for-14726-2-0-2\" ><div class=\"thim-widget-empty-space thim-widget-empty-space-base\"><div class=\"empty_space\" style=\"height:60px\"><\/div><\/div><\/div><\/div><\/div><\/div><\/div><div id=\"pg-14726-3\"  class=\"panel-grid panel-has-style\" ><div class=\"thim-bg-overlay full-width-div siteorigin-panels-stretch article__parallax panel-row-style panel-row-style-for-14726-3\" data-stretch-type=\"full\" ><\/div><\/div><div id=\"pg-14726-4\"  class=\"panel-grid panel-no-style\" ><div id=\"pgc-14726-4-0\"  class=\"panel-grid-cell\" ><div id=\"panel-14726-4-0-0\" class=\"so-panel widget widget_empty-space panel-first-child\" data-index=\"9\" ><div class=\"mobile-extra-space panel-widget-style panel-widget-style-for-14726-4-0-0\" ><div class=\"thim-widget-empty-space thim-widget-empty-space-base\"><div class=\"empty_space\" style=\"height:60px\"><\/div><\/div><\/div><\/div><div id=\"panel-14726-4-0-1\" class=\"so-panel widget widget_icon-box\" data-index=\"10\" ><div class=\"textblock panel-widget-style panel-widget-style-for-14726-4-0-1\" ><div class=\"thim-widget-icon-box thim-widget-icon-box-base\"><div class=\"inner-box \"><div  class=\"wrapper-box-icon has_read_more text-left  \" ><div class=\"smicon-box iconbox-top\" data-fancybox-group=\"\"><div class=\"content-inner\" ><div class=\"si-background\"><\/div><div class=\"sc-heading article_heading\"><h2 class = \"heading__primary\" >\u00bfTiene la prueba negativa de Covid-19 con usted?<\/h2><\/div><a class=\"smicon-read sc-btn si-btn-todo\" data-fancybox-group=\"\">Mostrar M\u00e1s<\/a><\/div><\/div><!--end smicon-box--><\/div><\/div><\/div><\/div><\/div><div id=\"panel-14726-4-0-2\" class=\"so-panel widget widget_sow-editor\" data-index=\"11\" ><div\n\t\t\t\n\t\t\tclass=\"so-widget-sow-editor so-widget-sow-editor-base\"\n\t\t\t\n\t\t>\n<div class=\"siteorigin-widget-tinymce textwidget\">\n\t<p><span data-ccp-props=\"{&quot;201341983&quot;:0,&quot;335551550&quot;:6,&quot;335551620&quot;:6,&quot;335559739&quot;:160,&quot;335559740&quot;:259}\">\u00a0<\/span><\/p>\n<p><span data-contrast=\"auto\">Tras el Consejo de Ministros del 17 de febrero de 2022, <\/span><b><span data-contrast=\"auto\">se derog\u00f3 el requisito<\/span><\/b><span data-contrast=\"auto\"> de presentar en el check-in un Certificado Digital UE COVID o un Certificado de vacunaci\u00f3n o recuperaci\u00f3n v\u00e1lido emitido por un tercer pa\u00eds o evidencia de un resultado negativo de la prueba, incluidas las autopruebas. .<\/span><span data-ccp-props=\"{&quot;201341983&quot;:0,&quot;335551550&quot;:6,&quot;335551620&quot;:6,&quot;335559739&quot;:300,&quot;335559740&quot;:259}\">\u00a0<\/span><\/p>\n<p>Esta informaci\u00f3n no le exime de consultar las medidas vigentes <a href=\"https:\/\/www.visitportugal.com\/es\/content\/covid-19-medidas-implementadas-en-portugal\">AQU\u00cd<\/a><\/p>\n<\/div>\n<\/div><\/div><div id=\"panel-14726-4-0-3\" class=\"so-panel widget widget_empty-space panel-last-child\" data-index=\"12\" ><div class=\"mobile-extra-space panel-widget-style panel-widget-style-for-14726-4-0-3\" ><div class=\"thim-widget-empty-space thim-widget-empty-space-base\"><div class=\"empty_space\" style=\"height:60px\"><\/div><\/div><\/div><\/div><\/div><\/div><div id=\"pg-14726-5\"  class=\"panel-grid panel-has-style\" ><div class=\"thim-bg-overlay full-width-div siteorigin-panels-stretch article__parallax panel-row-style panel-row-style-for-14726-5\" data-stretch-type=\"full\" ><\/div><\/div><div id=\"pg-14726-6\"  class=\"panel-grid panel-has-style\" ><div id=\"internal-protocol\" class=\"panel-row-style panel-row-style-for-14726-6\" ><div id=\"pgc-14726-6-0\"  class=\"panel-grid-cell\" ><div id=\"panel-14726-6-0-0\" class=\"so-panel widget widget_empty-space panel-first-child\" data-index=\"13\" ><div class=\"mobile-extra-space panel-widget-style panel-widget-style-for-14726-6-0-0\" ><div class=\"thim-widget-empty-space thim-widget-empty-space-base\"><div class=\"empty_space\" style=\"height:60px\"><\/div><\/div><\/div><\/div><div id=\"panel-14726-6-0-1\" class=\"so-panel widget widget_icon-box panel-last-child\" data-index=\"14\" ><div class=\"textblock panel-widget-style panel-widget-style-for-14726-6-0-1\" ><div class=\"thim-widget-icon-box thim-widget-icon-box-base\"><div class=\"inner-box \"><div  class=\"wrapper-box-icon has_read_more text-left  \" ><div class=\"smicon-box iconbox-top\" data-fancybox-group=\"\"><div class=\"content-inner\" ><div class=\"si-background\"><\/div><div class=\"sc-heading article_heading\"><h2 class = \"heading__primary\" >PROCEDIMIENTOS DE PREVENCI\u00d3N EN LAS INSTALACIONES<\/h2><\/div><a class=\"smicon-read sc-btn si-btn-todo\" data-fancybox-group=\"\">Mostrar M\u00e1s<\/a><\/div><\/div><!--end smicon-box--><\/div><\/div><\/div><\/div><\/div><\/div><\/div><\/div><div id=\"pg-14726-7\"  class=\"panel-grid panel-has-style\" ><div id=\"quartos-suites\" class=\"panel-row-style panel-row-style-for-14726-7\" ><div id=\"pgc-14726-7-0\"  class=\"panel-grid-cell\" ><div id=\"panel-14726-7-0-0\" class=\"so-panel widget widget_sow-editor panel-first-child panel-last-child\" data-index=\"15\" ><div\n\t\t\t\n\t\t\tclass=\"so-widget-sow-editor so-widget-sow-editor-base\"\n\t\t\t\n\t\t>\n<div class=\"siteorigin-widget-tinymce textwidget\">\n\t<h2 style=\"text-align: center\"><span style=\"font-size: 14pt\">VISI\u00d3N GENERAL<\/span><\/h2>\n<p><strong>Se\u00f1alizaci\u00f3n e Informaci\u00f3n<\/strong><\/p>\n<ul>\n<li>Los clientes podr\u00e1n tomar conocimiento y tener acceso al presente Protocolo Interno, relativo al brote del coronavirus COVID-19, solicitando el dossier Covid-19 en la Recepci\u00f3n del hotel o consultando la p\u00e1gina web del hotel en <a href=\"https:\/\/tryp.stg3.shareit.pt\/es\/\" target=\"_blank\" rel=\"noopener\"><u>Tryp Porto Expo<\/u><\/a>.<\/li>\n<li>La informaci\u00f3n sobre la forma de cumplimiento de las precauciones b\u00e1sicas de prevenci\u00f3n y control de la infecci\u00f3n, respecto al brote de coronavirus COVID-19, es facilitada dentro del hotel al Staff por el Equipo asignado en el plan de contingencia, y puede obtenerla dirigi\u00e9ndose a la Recepci\u00f3n o contactando por el tel\u00e9fono <strong><u>229 990 000<\/u><\/strong> ao a trav\u00e9s del n\u00famero interno marcando el n\u00ba 9., y solicitando el apoyo del Coordinador (Director del Hotel o quien lo reemplace) o de la Direcci\u00f3n Directa de la Recepci\u00f3n (Jefe de Recepci\u00f3n o quien lo reemplace).<\/li>\n<\/ul>\n<p><strong>Plan de higienizaci\u00f3n<\/strong><\/p>\n<ul>\n<li>Lavado y desinfecci\u00f3n, seg\u00fan el presente protocolo interno, de las superficies donde colaboradores y clientes circulan, garantizando el control y la prevenci\u00f3n de las infecciones y resistencias a los antimicrobianos.<\/li>\n<li>Limpieza, varias veces al d\u00eda, de las superficies y objectos de uso com\u00fan (incluyendo ventanillas, interruptores de luz y de ascensores, tiradores, pomos de armarios).<\/li>\n<li>Se prefiere la limpieza h\u00fameda, en detrimento de la limpieza seca y del uso de aspirador de polvo.<\/li>\n<li>La renovaci\u00f3n del aire de las salas y de los espacios cerrados se hace con regularidad.<\/li>\n<li>En las zonas de restaurantes y bebidas, la higienizaci\u00f3n de los utensilios, equipamientos y superficies ha sido reforzada y evitada al m\u00e1ximo la manipulaci\u00f3n directa de los alimentos por los clientes y los colaboradores.<\/li>\n<li>En las zonas de restaurantes\/cafeter\u00eda, se garantiza la limpieza eficaz cuando sale un cliente y entra otro para la misma mesa.<\/li>\n<li>El cubo y la fregona para limpieza del suelo son limpios y desinfectados al final de cada uso. Estos equipamientos son distintos por \u00e1reas.<\/li>\n<li>Para el suelo, el lavado es hecho con agua caliente y detergente com\u00fan, seguido de desinfecci\u00f3n con una soluci\u00f3n desinfectante. La limpieza se lleva a cabo, por lo menos, 2 veces al d\u00eda.<\/li>\n<li>En las instalaciones sanitarias, se hace el lavado con un producto que contiene en su composici\u00f3n detergente y desinfectante, de manera que la desinfecci\u00f3n sea m\u00e1s eficaz. La limpieza del suelo es realizada, por lo menos, 3 veces al d\u00eda.<\/li>\n<li>La limpieza de las \u00e1reas comunes y de las zonas de mayor frecuencia de contacto, incluyendo en los espacios donde pueden estar ni\u00f1os jugando, es reforzada varias veces al d\u00eda.<\/li>\n<\/ul>\n<p><strong>Adecuaci\u00f3n de las unidades de alojamiento<\/strong><\/p>\n<ul>\n<li>Los procedimientos de cambio de la ropa de cama y de limpieza en las habitaciones contemplan dos tiempos de intervenci\u00f3n espaciados y con protecci\u00f3n adecuada seg\u00fan el Protocolo interno.<\/li>\n<li>La retirada de la ropa de cama y de toallas es efectuada sin agitarlas o sacudirlas, y deben enrollarse de afuera hacia adentro, sin apoyarlas al cuerpo, colocada en bolsas espec\u00edficas cerradas y debidamente identificadas y entregadas al prestador de servicios de lavander\u00eda.<\/li>\n<li>El prestador de servicios de lavander\u00eda presenta una declaraci\u00f3n comprometi\u00e9ndose al lavado en separado de la ropa de cama y toallas a unos 60\u00baC, declaraci\u00f3n esta que puede ser solicitada en la Recepci\u00f3n del hotel.<\/li>\n<li>Despu\u00e9s del check-out del cliente, las almohadas son reemplazadas por otras, debidamente higienizadas y no utilizadas en un per\u00edodo inferior a 72 horas.<\/li>\n<li>El mando de TV se encuentra protegido en una bolsa pl\u00e1stica, debidamente desinfectada despu\u00e9s del check-out del cliente. El mando del aire acondicionado y el tel\u00e9fono son desinfectados despu\u00e9s del check-out del cliente.<\/li>\n<\/ul>\n<p><strong>Equipamientos de higienizaci\u00f3n<\/strong><\/p>\n<ul>\n<li>Dispensadores de soluci\u00f3n antis\u00e9ptica de base alcoh\u00f3lica o de soluci\u00f3n a base de alcohol junto a los puntos de entrada\/salida, en todos los pisos, a la entrada del restaurante, bar, instalaciones sanitarias comunes y otras \u00e1reas comunes.<\/li>\n<li>Jab\u00f3n l\u00edquido para el lavado de manos y toallitas de papel, en todas las instalaciones sanitarias.<\/li>\n<\/ul>\n<\/div>\n<\/div><\/div><\/div><div id=\"pgc-14726-7-1\"  class=\"panel-grid-cell\" ><div id=\"panel-14726-7-1-0\" class=\"so-panel widget widget_sow-editor panel-first-child panel-last-child\" data-index=\"16\" ><div\n\t\t\t\n\t\t\tclass=\"so-widget-sow-editor so-widget-sow-editor-base\"\n\t\t\t\n\t\t>\n<div class=\"siteorigin-widget-tinymce textwidget\">\n\t<h2 style=\"text-align: center;\"><span style=\"font-size: 14pt;\">PARA LOS COLABORADORES<\/span><\/h2>\n<p><strong>Formaci\u00f3n:\u00a0<br \/><\/strong><strong>Todos los Colaboradores han recibido informaci\u00f3n y\/o formaci\u00f3n espec\u00edfica sobre:<\/strong><\/p>\n<ul>\n<li>Protocolo interno relativo al brote de coronavirus COVID-19.<\/li>\n<li>Como cumplir con las precauciones b\u00e1sicas de prevenci\u00f3n y control de infecci\u00f3n respecto al brote de coronavirus COVID-19, incluyendo los procedimientos:\n<ul>\n<li><strong>higienizaci\u00f3n de las manos:<\/strong> lavarse las manos frecuentemente con agua y jab\u00f3n, durante al menos 20 segundos, o usar desinfectante para las manos que tenga al menos 70\u00ba de alcohol, cubriendo todas las superficies de las manos y frot\u00e1ndolas hasta que se queden secas.<\/li>\n<li><strong>etiqueta respiratoria:<\/strong> toser o estornudar en el antebrazo o utilizar un pa\u00f1uelo de papel, que debe ser eliminado inmediatamente; higienizar siempre las manos despu\u00e9s de toser o estornudar y despu\u00e9s de sonarse la nariz; evitar tocarse los ojos, la nariz y la boca con las manos.<\/li>\n<li><strong>conducta social:<\/strong> cambiar la frecuencia y la forma de contacto entre los trabajadores y entre estos y los clientes, evitar (cuando sea posible) el contacto cercano, apret\u00f3n de manos, besos, lugares de trabajo compartidos, reuniones presenciales y evitar compartir comidas, utensilios, vasos y manteles.<\/li>\n<\/ul>\n<\/li>\n<li>Como cumplir con el autocontrol diario para la evaluaci\u00f3n de la fiebre, la verificaci\u00f3n de la tos o la dificultad en respirar.<\/li>\n<li>Como cumplir con las orientaciones de la Direcci\u00f3n General de la Salud para la limpieza de las superficies y el tratamiento de ropa en los establecimientos.<\/li>\n<\/ul>\n<p><strong>Equipamie<\/strong><strong>nto \u2013 Protecci\u00f3n individual<\/strong><\/p>\n<ul>\n<li>En n\u00famero suficiente para todos los colaboradores (seg\u00fan su funci\u00f3n: mascarillas, guantes, visera, bata o delantal, gorro, cubre-zapatos).<\/li>\n<li>El uniforme de los colaboradores destinado a lavado es colocado en sacos separados cerrados, y es lavado separadamente por el prestador de servicios de lavander\u00eda y a temperaturas elevadas (aproximadamente 60\u00baC), seg\u00fan declaraci\u00f3n del referido prestador, que puede ser solicitada en la Recepci\u00f3n del hotel.<\/li>\n<\/ul>\n<p><strong>Designaci\u00f3n de los responsables<\/strong><\/p>\n<ul>\n<li>Hay un colaborador en el hotel encargado de activar los procedimientos en caso de sospecha de infecci\u00f3n, que acompa\u00f1ar\u00e1 a la persona con s\u00edntomas al espacio de aislamiento, y que debe prestar la ayuda necesaria y contactar con el servicio nacional de salud. En caso de que necesite de contactar con el responsable del servicio por el cumplimiento de las reglas de prevenci\u00f3n\/actuaci\u00f3n y\/o alerta en caso de sospecha de infecci\u00f3n, por favor dir\u00edjase a la Recepci\u00f3n o cont\u00e1ctenos por el tel\u00e9fono <strong><u>229 990 000<\/u>\u00a0<\/strong>o por el n\u00famero interno marcando el n\u00ba 9.\u00a0<\/li>\n<\/ul>\n<p><strong>Conducta<\/strong><\/p>\n<ul>\n<li>Los Colaboradores realizan el autocontrol diario para evaluaci\u00f3n de la fiebre, existencia de tos o dificultad en respirar.<\/li>\n<li>Comportamientos a adoptar por la plantilla:\n<ul>\n<li>mantener la distancia entre los colaboradores y clientes y evitar contactos f\u00edsicos, incluyendo los apretones de mano.<\/li>\n<li>no entrar y salir de los establecimientos con el uniforme del estabelecimiento.<\/li>\n<li>mantener el pelo recogido.<\/li>\n<li>se desaconseja el uso excesivo de adornos personales (pulseras, hilos, anillos, etc.).<\/li>\n<\/ul>\n<\/li>\n<li>En el punto de entrada del personal, hay una alfombra h\u00fameda para limpieza de la suela de los zapatos, la cual es regularmente cambiada.<\/li>\n<li>Pausas y horarios de comidas escalonadas para evitar encuentros en las zonas del personal \/ comedores.<\/li>\n<li>Los profesionales de limpieza conocen bien los productos a utilizar (detergentes y desinfectantes), las precauciones a tener con su manejo, diluci\u00f3n y aplicaci\u00f3n en condiciones de seguridad, como protegerse durante los procedimientos de limpieza de los espacios y como garantizar una buena ventilaci\u00f3n de eses espacios durante la limpieza y desinfecci\u00f3n.<\/li>\n<\/ul>\n<p><strong>Stock <\/strong><strong>de materiales de limpieza e higienizaci\u00f3n<\/strong><\/p>\n<ul>\n<li>Stock de materiales de limpieza de uso \u00fanico proporcional a las dimensiones del establecimiento, incluyendo toallitas de limpieza de uso \u00fanico humedecidas en desinfectante, lej\u00eda y alcohol a 70\u00ba.<\/li>\n<li>Dispensadores o recambios de soluci\u00f3n antis\u00e9ptica de base alcoh\u00f3lica o de soluci\u00f3n a base de alcohol.<\/li>\n<li>Contenedor de residuos con apertura no manual y saco pl\u00e1stico.<\/li>\n<li>Equipamiento o recambios para el lavado de manos con jab\u00f3n l\u00edquido y toallitas de papel.<\/li>\n<\/ul>\n<p><strong>Escalas\/Turnos<\/strong><\/p>\n<ul>\n<li>Definici\u00f3n de escalas de servicio y\/o turnos con reducci\u00f3n del n\u00famero de colaboradores en simult\u00e1neo \u2013 La creaci\u00f3n de equipos podr\u00e1 permitir mayor control de las reglas de seguridad e higiene.<\/li>\n<li>Definici\u00f3n de reglas\/escalonamiento de los actos de limpieza de las unidades de alojamiento.<\/li>\n<\/ul>\n<\/div>\n<\/div><\/div><\/div><\/div><\/div><div id=\"pg-14726-8\"  class=\"panel-grid panel-no-style\" ><div id=\"pgc-14726-8-0\"  class=\"panel-grid-cell\" ><div id=\"panel-14726-8-0-0\" class=\"so-panel widget widget_empty-space panel-first-child panel-last-child\" data-index=\"17\" ><div class=\"thim-widget-empty-space thim-widget-empty-space-base\"><div class=\"empty_space\" style=\"height:30px\"><\/div><\/div><\/div><\/div><\/div><\/div>","protected":false},"excerpt":{"rendered":"<p>Saber m\u00e1s aqui.<\/p>\n","protected":false},"author":15,"featured_media":11622,"parent":0,"menu_order":4,"comment_status":"closed","ping_status":"closed","template":"","meta":{"inline_featured_image":false},"acf":[],"publishpress_future_action":{"enabled":false,"date":"2026-04-15 09:00:46","action":"draft","terms":[],"taxonomy":"translation_priority"},"_links":{"self":[{"href":"https:\/\/tryp.stg3.shareit.pt\/es\/wp-json\/wp\/v2\/pages\/14726"}],"collection":[{"href":"https:\/\/tryp.stg3.shareit.pt\/es\/wp-json\/wp\/v2\/pages"}],"about":[{"href":"https:\/\/tryp.stg3.shareit.pt\/es\/wp-json\/wp\/v2\/types\/page"}],"author":[{"embeddable":true,"href":"https:\/\/tryp.stg3.shareit.pt\/es\/wp-json\/wp\/v2\/users\/15"}],"replies":[{"embeddable":true,"href":"https:\/\/tryp.stg3.shareit.pt\/es\/wp-json\/wp\/v2\/comments?post=14726"}],"version-history":[{"count":0,"href":"https:\/\/tryp.stg3.shareit.pt\/es\/wp-json\/wp\/v2\/pages\/14726\/revisions"}],"wp:featuredmedia":[{"embeddable":true,"href":"https:\/\/tryp.stg3.shareit.pt\/es\/wp-json\/wp\/v2\/media\/11622"}],"wp:attachment":[{"href":"https:\/\/tryp.stg3.shareit.pt\/es\/wp-json\/wp\/v2\/media?parent=14726"}],"curies":[{"name":"wp","href":"https:\/\/api.w.org\/{rel}","templated":true}]}}