{"id":32718,"date":"2024-02-23T09:50:00","date_gmt":"2024-02-23T09:50:00","guid":{"rendered":"https:\/\/www.trypportoexpo.com\/?page_id=32718"},"modified":"2024-02-23T09:50:00","modified_gmt":"2024-02-23T09:50:00","slug":"umweltpolitik","status":"publish","type":"page","link":"https:\/\/tryp.stg3.shareit.pt\/de\/umweltpolitik\/","title":{"rendered":"Umweltpolitik"},"content":{"rendered":"<div id=\"pl-32718\"  class=\"panel-layout\" ><div id=\"pg-32718-0\"  class=\"panel-grid panel-no-style\" ><div id=\"pgc-32718-0-0\"  class=\"panel-grid-cell\" ><div id=\"panel-32718-0-0-0\" class=\"so-panel widget widget_empty-space panel-first-child panel-last-child\" data-index=\"0\" ><div class=\"mobile-extra-space panel-widget-style panel-widget-style-for-32718-0-0-0\" ><div class=\"thim-widget-empty-space thim-widget-empty-space-base\"><div class=\"empty_space\" style=\"height:60px\"><\/div><\/div><\/div><\/div><\/div><\/div><div id=\"pg-32718-1\"  class=\"panel-grid panel-no-style\" ><div id=\"pgc-32718-1-0\"  class=\"panel-grid-cell\" ><div id=\"panel-32718-1-0-0\" class=\"so-panel widget widget_icon-box panel-first-child\" data-index=\"1\" ><div class=\"si-mb-center panel-widget-style panel-widget-style-for-32718-1-0-0\" ><div class=\"thim-widget-icon-box thim-widget-icon-box-base\"><div class=\"inner-box \"><div  class=\"wrapper-box-icon text-left  \" ><div class=\"smicon-box iconbox-top\" data-fancybox-group=\"\"><div class=\"content-inner\" ><div class=\"si-background\"><\/div><div class=\"sc-heading article_heading\"><h3 class = \"heading__primary\" >UMWELTPOLITIK<\/h3><\/div><a class=\"smicon-read sc-btn si-btn-todo\" data-fancybox-group=\"\">Sehen Mehr<\/a><div class=\"desc-icon-box\"><div  class=\"modal\"><span>Das Tryp Porto Expo ist sich der Bedeutung eines verantwortungsvollen und nachhaltigen Managements f\u00fcr die Entwicklung der Hotellerie voll bewusst. Inspiriert von diesem Konzept haben wir eine Verpflichtung \u00fcbernommen, die wir mit grundlegenden Richtlinien f\u00fcr den Erfolg festigen. Mit diesen Leitlinien wollen wir zu einer guten Umweltpraxis beitragen, um die entsprechenden Auswirkungen in Bezug auf die Umweltverschmutzung zu minimieren und die Erhaltung der nat\u00fcrlichen Ressourcen zu gew\u00e4hrleisten, um einen nachhaltigen Tourismus zu f\u00f6rdern. Zu diesem Zweck legt das Tryp Porto Expo diese Politik in den folgenden Punkten fest:<\/span><\/div><\/div><\/div><\/div><!--end smicon-box--><\/div><\/div><\/div><\/div><\/div><div id=\"panel-32718-1-0-1\" class=\"so-panel widget widget_empty-space panel-last-child\" data-index=\"2\" ><div class=\"mobile-extra-space panel-widget-style panel-widget-style-for-32718-1-0-1\" ><div class=\"thim-widget-empty-space thim-widget-empty-space-base\"><div class=\"empty_space\" style=\"height:60px\"><\/div><\/div><\/div><\/div><\/div><\/div><div id=\"pg-32718-2\"  class=\"panel-grid panel-no-style\" ><div id=\"pgc-32718-2-0\"  class=\"panel-grid-cell\" ><div id=\"panel-32718-2-0-0\" class=\"so-panel widget widget_icon-box panel-first-child\" data-index=\"3\" ><div class=\"si-mb-center panel-widget-style panel-widget-style-for-32718-2-0-0\" ><div class=\"thim-widget-icon-box thim-widget-icon-box-base\"><div class=\"inner-box \"><div  class=\"wrapper-box-icon text-left  \" ><div class=\"smicon-box iconbox-top\" data-fancybox-group=\"\"><div class=\"content-inner\" ><div class=\"si-background\"><\/div><div class=\"sc-heading article_heading\"><h3 class = \"heading__primary\" >_________________<\/h3><\/div><a class=\"smicon-read sc-btn si-btn-todo\" data-fancybox-group=\"\">Sehen Mehr<\/a><\/div><\/div><!--end smicon-box--><\/div><\/div><\/div><\/div><\/div><div id=\"panel-32718-2-0-1\" class=\"so-panel widget widget_icon-box\" data-index=\"4\" ><div class=\"si-mm-center panel-widget-style panel-widget-style-for-32718-2-0-1\" ><div class=\"thim-widget-icon-box thim-widget-icon-box-base\"><div class=\"inner-box \"><div  class=\"wrapper-box-icon has_custom_image text-center  \" ><div class=\"smicon-box iconbox-top\" data-fancybox-group=\"\"><div class=\"boxes-icon\" ><span class=\"1 inner-icon\"><span class=\"icon icon-images\"><img src=\"https:\/\/tryp.stg3.shareit.pt\/wp-content\/uploads\/2024\/02\/Sustainable-1.png\" alt=\"Sustainable 1\" title=\"Sustainable 1\" ><\/span><\/span><\/div><div class=\"content-inner\" ><div class=\"desc-icon-box\"><div  class=\"modal\"><span>die f\u00fcr ihre T\u00e4tigkeit geltenden Rechts- und Umweltvorschriften einzuhalten und ihre Auswirkungen regelm\u00e4\u00dfig zu bewerten<br \/><br \/>F\u00f6rderung des Umweltbewusstseins und der Ausbildung der Mitarbeiter, um sie einzubeziehen und sie in guten Umweltpraktiken zu schulen<br \/><br \/>Zusammenarbeit und F\u00f6rderung der Kommunikation mit staatlichen und externen Stellen und Verb\u00e4nden<\/span><\/div><\/div><\/div><\/div><!--end smicon-box--><\/div><\/div><\/div><\/div><\/div><div id=\"panel-32718-2-0-2\" class=\"so-panel widget widget_empty-space panel-last-child\" data-index=\"5\" ><div class=\"mobile-extra-space panel-widget-style panel-widget-style-for-32718-2-0-2\" ><div class=\"thim-widget-empty-space thim-widget-empty-space-base\"><div class=\"empty_space\" style=\"height:60px\"><\/div><\/div><\/div><\/div><\/div><div id=\"pgc-32718-2-1\"  class=\"panel-grid-cell\" ><div id=\"panel-32718-2-1-0\" class=\"so-panel widget widget_icon-box panel-first-child\" data-index=\"6\" ><div class=\"si-mb-center panel-widget-style panel-widget-style-for-32718-2-1-0\" ><div class=\"thim-widget-icon-box thim-widget-icon-box-base\"><div class=\"inner-box \"><div  class=\"wrapper-box-icon text-left  \" ><div class=\"smicon-box iconbox-top\" data-fancybox-group=\"\"><div class=\"content-inner\" ><div class=\"si-background\"><\/div><div class=\"sc-heading article_heading\"><h3 class = \"heading__primary\" >_________________<\/h3><\/div><a class=\"smicon-read sc-btn si-btn-todo\" data-fancybox-group=\"\">Sehen Mehr<\/a><\/div><\/div><!--end smicon-box--><\/div><\/div><\/div><\/div><\/div><div id=\"panel-32718-2-1-1\" class=\"so-panel widget widget_icon-box\" data-index=\"7\" ><div class=\"si-mm-center panel-widget-style panel-widget-style-for-32718-2-1-1\" ><div class=\"thim-widget-icon-box thim-widget-icon-box-base\"><div class=\"inner-box \"><div  class=\"wrapper-box-icon has_custom_image text-center  \" ><div class=\"smicon-box iconbox-top\" data-fancybox-group=\"\"><div class=\"boxes-icon\" ><span class=\"1 inner-icon\"><span class=\"icon icon-images\"><img src=\"https:\/\/tryp.stg3.shareit.pt\/wp-content\/uploads\/2024\/02\/Sustainable-2.png\" alt=\"Sustainable 2\" title=\"Sustainable 2\" ><\/span><\/span><\/div><div class=\"content-inner\" ><div class=\"desc-icon-box\"><div  class=\"modal\"><span>F\u00f6rderung der Einbeziehung von Lieferanten in Fragen der guten Umweltpraxis mit dem Ziel, die Leistung in diesem Bereich und die des gesamten Betriebs zu verbessern<br \/><br \/>Senkung und Kontrolle des Energie- und Rohstoffverbrauchs<br \/><br \/>eine Haltung der kontinuierlichen Verbesserung bei der Vermeidung von Umweltverschmutzung einnehmen<br \/><br \/>Konsolidierung der Eroberung von Kunden, die bereit sind, die vom Unternehmen angebotenen Dienstleistungen mit einem hohen Qualit\u00e4tsniveau zu nutzen<\/span><\/div><\/div><\/div><\/div><!--end smicon-box--><\/div><\/div><\/div><\/div><\/div><div id=\"panel-32718-2-1-2\" class=\"so-panel widget widget_empty-space panel-last-child\" data-index=\"8\" ><div class=\"mobile-extra-space panel-widget-style panel-widget-style-for-32718-2-1-2\" ><div class=\"thim-widget-empty-space thim-widget-empty-space-base\"><div class=\"empty_space\" style=\"height:60px\"><\/div><\/div><\/div><\/div><\/div><\/div><div id=\"pg-32718-3\"  class=\"panel-grid panel-no-style\" ><div id=\"pgc-32718-3-0\"  class=\"panel-grid-cell\" ><div id=\"panel-32718-3-0-0\" class=\"so-panel widget widget_icon-box panel-first-child\" data-index=\"9\" ><div class=\"si-mb-center panel-widget-style panel-widget-style-for-32718-3-0-0\" ><div class=\"thim-widget-icon-box thim-widget-icon-box-base\"><div class=\"inner-box \"><div  class=\"wrapper-box-icon text-left  \" ><div class=\"smicon-box iconbox-top\" data-fancybox-group=\"\"><div class=\"content-inner\" ><div class=\"desc-icon-box\"><div  class=\"modal\"><span>Unter Ber\u00fccksichtigung dieser Grunds\u00e4tze sowie der Bereitstellung der notwendigen und angemessenen Ressourcen, einschlie\u00dflich der Verpflichtung zu spezialisiertem Personal, mit regelm\u00e4\u00dfiger Schulung und technologisch fortschrittlicher Ausstattung, ist das Tryp Porto Expo stets bestrebt, die Bed\u00fcrfnisse und Erwartungen seiner Kunden voll und ganz zu erf\u00fcllen.<\/span><\/div><\/div><\/div><\/div><!--end smicon-box--><\/div><\/div><\/div><\/div><\/div><div id=\"panel-32718-3-0-1\" class=\"so-panel widget widget_empty-space panel-last-child\" data-index=\"10\" ><div class=\"mobile-extra-space panel-widget-style panel-widget-style-for-32718-3-0-1\" ><div class=\"thim-widget-empty-space thim-widget-empty-space-base\"><div class=\"empty_space\" style=\"height:60px\"><\/div><\/div><\/div><\/div><\/div><\/div><\/div>","protected":false},"excerpt":{"rendered":"<p>UMWELTPOLITIKSehen MehrDas Tryp Porto Expo ist sich der Bedeutung eines verantwortungsvollen und nachhaltigen Managements f\u00fcr die Entwicklung der Hotellerie voll <\/p>\n","protected":false},"author":26,"featured_media":0,"parent":0,"menu_order":2,"comment_status":"closed","ping_status":"closed","template":"","meta":{"inline_featured_image":false},"acf":[],"publishpress_future_action":{"enabled":false,"date":"2026-04-15 05:33:28","action":"draft","terms":[],"taxonomy":"translation_priority"},"_links":{"self":[{"href":"https:\/\/tryp.stg3.shareit.pt\/de\/wp-json\/wp\/v2\/pages\/32718"}],"collection":[{"href":"https:\/\/tryp.stg3.shareit.pt\/de\/wp-json\/wp\/v2\/pages"}],"about":[{"href":"https:\/\/tryp.stg3.shareit.pt\/de\/wp-json\/wp\/v2\/types\/page"}],"author":[{"embeddable":true,"href":"https:\/\/tryp.stg3.shareit.pt\/de\/wp-json\/wp\/v2\/users\/26"}],"replies":[{"embeddable":true,"href":"https:\/\/tryp.stg3.shareit.pt\/de\/wp-json\/wp\/v2\/comments?post=32718"}],"version-history":[{"count":7,"href":"https:\/\/tryp.stg3.shareit.pt\/de\/wp-json\/wp\/v2\/pages\/32718\/revisions"}],"predecessor-version":[{"id":32761,"href":"https:\/\/tryp.stg3.shareit.pt\/de\/wp-json\/wp\/v2\/pages\/32718\/revisions\/32761"}],"wp:attachment":[{"href":"https:\/\/tryp.stg3.shareit.pt\/de\/wp-json\/wp\/v2\/media?parent=32718"}],"curies":[{"name":"wp","href":"https:\/\/api.w.org\/{rel}","templated":true}]}}