{"id":21406,"date":"2022-06-03T14:16:09","date_gmt":"2022-06-03T13:16:09","guid":{"rendered":"https:\/\/www.trypportoexpo.com\/?page_id=21406"},"modified":"2022-06-03T14:16:09","modified_gmt":"2022-06-03T13:16:09","slug":"zimmer-suiten","status":"publish","type":"page","link":"https:\/\/tryp.stg3.shareit.pt\/de\/zimmer-suiten\/","title":{"rendered":"Zimmer &amp; Suiten"},"content":{"rendered":"<div id=\"pl-21406\"  class=\"panel-layout\" ><div id=\"pg-21406-0\"  class=\"panel-grid panel-no-style\" ><div id=\"pgc-21406-0-0\"  class=\"panel-grid-cell\" ><div id=\"panel-21406-0-0-0\" class=\"so-panel widget widget_empty-space panel-first-child\" data-index=\"0\" ><div class=\"thim-widget-empty-space thim-widget-empty-space-base\"><div class=\"empty_space\" style=\"height:30px\"><\/div><\/div><\/div><div id=\"panel-21406-0-0-1\" class=\"so-panel widget widget_rooms-widget panel-last-child\" data-index=\"1\" ><div\n\t\t\t\n\t\t\tclass=\"so-widget-rooms-widget so-widget-rooms-widget-default-d75171398898-21406\"\n\t\t\t\n\t\t>\r\n<h2 class=\"heading__primary\">\r\n    Zimmertypen<\/h2>\r\n<p class=\"description-rooms\">\r\n    Das TRYP by Wyndham Porto Expo Hotel verf\u00fcgt \u00fcber 120 ger\u00e4umige Zimmer voller Tageslicht, die alle Annehmlichkeiten und Komfort vereinen, um Ihnen einen angenehmen Aufenthalt zu bieten. Alle Zimmer sind mit Highspeed-WLAN, LCD-TV, Telefon, Safe, Minibar, Arbeitsbereich, komplettem Badezimmer und kostenlosen Pflegeprodukten ausgestattet. Ob Sie gesch\u00e4ftlich oder privat, zu zweit oder mit der Familie reisen, das TRYP Porto Expo bietet verschiedene Zimmertypen, um Ihren Bed\u00fcrfnissen gerecht zu werden. W\u00e4hlen Sie zwischen: Deluxe-Zimmer, Zimmer mit Poolblick, Premium-Zimmer, Familienzimmer oder Suite.\r\n<\/p>\r\n\r\n<div class=\"rooms-list\">\r\n    <div class=\"room\"><div alt=\"DELUXE-ZIMMER\" class=\"room__image\"><img src=\"https:\/\/tryp.stg3.shareit.pt\/wp-content\/uploads\/2022\/06\/19-Expo-Quarto-Standard-Twin-319.jpg\"><\/div><div class=\"room__descriptions\"><div class=\"room__top\"><h3>DELUXE-ZIMMER<\/h3><p class=\"room__description\">Das Deluxe-Zimmer ist 23 m\u00b2 gro\u00df, verf\u00fcgt \u00fcber Tageslicht, zwei Einzelbetten oder ein Queensize-Doppelbett, Badezimmer mit Dusche oder Badewanne, Haartrockner, Highspeed-WLAN, LCD-TV, Arbeitsbereich mit Schreibtisch und Stuhl, Telefon, Safe und Minibar.<\/p><\/div><div class=\"room__bottom\"><div><div class=\"room__price-description\">Preis pro Nacht ab<\/div><div class=\"room__price\">\u20ac 99<\/div><\/div><div><a class=\"btn see-more\" href=\"https:\/\/tryp.stg3.shareit.pt\/de\/room\/deluxe-zimmer\/\">Weiterlesen<\/a><a class=\"btn book-now\" href=\"https:\/\/www.wyndhamhotels.com\/de-de\/tryp\/porto-portugal\/tryp-porto-expo-hotel\/overview\">Buchen<\/a><\/div><\/div><\/div><\/div><div class=\"room\"><div alt=\"ERREICHBARER-ZIMMER\" class=\"room__image\"><img src=\"https:\/\/tryp.stg3.shareit.pt\/wp-content\/uploads\/2022\/06\/TPE-Standard-room.jpg\"><\/div><div class=\"room__descriptions\"><div class=\"room__top\"><h3>ERREICHBARER-ZIMMER<\/h3><p class=\"room__description\">Das Erreichbarer-Zimmer ist 23 m\u00b2 gro\u00df, verf\u00fcgt \u00fcber Tageslicht, zwei Einzelbetten oder ein Queensize-Bett, Badezimmer mit Dusche und Haltegriffen, Highspeed-WLAN, LCD-TV, Telefon, Safe und Minibar.<\/p><\/div><div class=\"room__bottom\"><div><div class=\"room__price-description\">Preis pro Nacht ab<\/div><div class=\"room__price\">\u20ac 89<\/div><\/div><div><a class=\"btn see-more\" href=\"https:\/\/tryp.stg3.shareit.pt\/de\/room\/erreichbarer-zimmer\/\">Weiterlesen<\/a><a class=\"btn book-now\" href=\"https:\/\/www.wyndhamhotels.com\/de-de\/tryp\/porto-portugal\/tryp-porto-expo-hotel\/overview\">Buchen<\/a><\/div><\/div><\/div><\/div><div class=\"room\"><div alt=\"POOLBLICK ZIMMER\" class=\"room__image\"><img src=\"https:\/\/tryp.stg3.shareit.pt\/wp-content\/uploads\/2022\/06\/Principal.jpg\"><\/div><div class=\"room__descriptions\"><div class=\"room__top\"><h3>POOLBLICK ZIMMER<\/h3><p class=\"room__description\">Das Poolblick Zimmer hat 23 m2, einen fantastischen Blick \u00fcber den riesigen Pool, Tageslicht, zwei Einzelbetten oder ein Queensize-Bett, ein Badezimmer mit Badewanne oder Dusche, einen Haartrockner, Highspeed-WLAN, einen LCD-TV und einen Arbeitsbereich mit Schreibtisch und Stuhl, Telefon, Safe und Minibar.<\/p><\/div><div class=\"room__bottom\"><div><div class=\"room__price-description\">Preis pro Nacht ab<\/div><div class=\"room__price\">\u20ac 109<\/div><\/div><div><a class=\"btn see-more\" href=\"https:\/\/tryp.stg3.shareit.pt\/de\/room\/poolblick-zimmer\/\">Weiterlesen<\/a><a class=\"btn book-now\" href=\"https:\/\/www.wyndhamhotels.com\/de-de\/tryp\/porto-portugal\/tryp-porto-expo-hotel\/overview\">Buchen<\/a><\/div><\/div><\/div><\/div><div class=\"room\"><div alt=\"PREMIUM-ZIMMER\" class=\"room__image\"><img src=\"https:\/\/tryp.stg3.shareit.pt\/wp-content\/uploads\/2022\/06\/TPE-PremiumRoom.jpg\"><\/div><div class=\"room__descriptions\"><div class=\"room__top\"><h3>PREMIUM-ZIMMER<\/h3><p class=\"room__description\">Das Premium-Zimmer ist 23 m\u00b2 gro\u00df, verf\u00fcgt \u00fcber Tageslicht, ein Queensize-Bett, Badezimmer mit Badewanne, Haartrockner, Highspeed-WLAN, LCD-TV, Arbeitsbereich mit Schreibtisch und Stuhl, Bademantel und Hausschuhen, Wasserkocher, Kaffeemaschine, Telefon, Safe und Minibar.<\/p><\/div><div class=\"room__bottom\"><div><div class=\"room__price-description\">Preis pro Nacht ab<\/div><div class=\"room__price\">\u20ac 119<\/div><\/div><div><a class=\"btn see-more\" href=\"https:\/\/tryp.stg3.shareit.pt\/de\/room\/premium-zimmer\/\">Weiterlesen<\/a><a class=\"btn book-now\" href=\"https:\/\/www.wyndhamhotels.com\/de-de\/tryp\/porto-portugal\/tryp-porto-expo-hotel\/overview\">Buchen<\/a><\/div><\/div><\/div><\/div><div class=\"room\"><div alt=\"FAMILIENZIMMER\" class=\"room__image\"><img src=\"https:\/\/tryp.stg3.shareit.pt\/wp-content\/uploads\/2022\/06\/TPE-FamilyRoom.jpg\"><\/div><div class=\"room__descriptions\"><div class=\"room__top\"><h3>FAMILIENZIMMER<\/h3><p class=\"room__description\">Das Familienzimmer ist 36 m\u00b2 gro\u00df, hat Tageslicht, zwei Einzelbetten oder ein Queensize-Doppelbett, ein Etagenbett, ein Badezimmer mit Badewanne oder Dusche, einen Haartrockner, Highspeed-WLAN, einen LCD-TV, einen Schreibtisch mit Stuhl und ein Telefon, Safe und Minibar.<\/p><\/div><div class=\"room__bottom\"><div><div class=\"room__price-description\">Preis pro Nacht ab<\/div><div class=\"room__price\">\u20ac 129<\/div><\/div><div><a class=\"btn see-more\" href=\"https:\/\/tryp.stg3.shareit.pt\/de\/room\/familienzimmer\/\">Weiterlesen<\/a><a class=\"btn book-now\" href=\"https:\/\/www.wyndhamhotels.com\/de-de\/tryp\/porto-portugal\/tryp-porto-expo-hotel\/overview\">Buchen<\/a><\/div><\/div><\/div><\/div><div class=\"room\"><div alt=\"PREMIUM SUITE\" class=\"room__image\"><img src=\"https:\/\/tryp.stg3.shareit.pt\/wp-content\/uploads\/2022\/06\/Pormenor-Premium.jpg\"><\/div><div class=\"room__descriptions\"><div class=\"room__top\"><h3>PREMIUM SUITE<\/h3><p class=\"room__description\">Die Premium-Suite ist 32 m\u00b2 gro\u00df, hat Tageslicht, ein Queensize-Bett, ein separates Wohnzimmer mit Schlafsofa, ein Badezimmer mit Badewanne, einen Haartrockner, Highspeed-WLAN, einen LCD-TV, einen Schreibtisch und einen Stuhl, einen Bademantel und Hausschuhe sowie einen Wasserkocher , Kaffeemaschine, Telefon, Safe und Minibar.<\/p><\/div><div class=\"room__bottom\"><div><div class=\"room__price-description\">Preis pro Nacht ab<\/div><div class=\"room__price\">\u20ac 129<\/div><\/div><div><a class=\"btn see-more\" href=\"https:\/\/tryp.stg3.shareit.pt\/de\/room\/suite-premium\/\">Weiterlesen<\/a><a class=\"btn book-now\" href=\"https:\/\/www.wyndhamhotels.com\/de-de\/tryp\/porto-portugal\/tryp-porto-expo-hotel\/overview\">Buchen<\/a><\/div><\/div><\/div><\/div><\/div>\r\n<\/div><\/div><\/div><\/div><\/div>","protected":false},"excerpt":{"rendered":"<p>    Zimmertypen<\/p>\n<p>    Das TRYP by Wyndham Porto Expo Hotel verf\u00fcgt <\/p>\n","protected":false},"author":3,"featured_media":19412,"parent":0,"menu_order":32,"comment_status":"closed","ping_status":"closed","template":"","meta":{"inline_featured_image":false},"acf":[],"publishpress_future_action":{"enabled":false,"date":"2026-04-15 03:46:36","action":"draft","terms":[],"taxonomy":"translation_priority"},"_links":{"self":[{"href":"https:\/\/tryp.stg3.shareit.pt\/de\/wp-json\/wp\/v2\/pages\/21406"}],"collection":[{"href":"https:\/\/tryp.stg3.shareit.pt\/de\/wp-json\/wp\/v2\/pages"}],"about":[{"href":"https:\/\/tryp.stg3.shareit.pt\/de\/wp-json\/wp\/v2\/types\/page"}],"author":[{"embeddable":true,"href":"https:\/\/tryp.stg3.shareit.pt\/de\/wp-json\/wp\/v2\/users\/3"}],"replies":[{"embeddable":true,"href":"https:\/\/tryp.stg3.shareit.pt\/de\/wp-json\/wp\/v2\/comments?post=21406"}],"version-history":[{"count":0,"href":"https:\/\/tryp.stg3.shareit.pt\/de\/wp-json\/wp\/v2\/pages\/21406\/revisions"}],"wp:featuredmedia":[{"embeddable":true,"href":"https:\/\/tryp.stg3.shareit.pt\/de\/wp-json\/wp\/v2\/media\/19412"}],"wp:attachment":[{"href":"https:\/\/tryp.stg3.shareit.pt\/de\/wp-json\/wp\/v2\/media?parent=21406"}],"curies":[{"name":"wp","href":"https:\/\/api.w.org\/{rel}","templated":true}]}}